{"id":9949,"date":"2020-04-20T16:01:00","date_gmt":"2020-04-20T19:01:00","guid":{"rendered":"https:\/\/joaopauloautopecas.com.br\/?post_type=product&#038;p=9949"},"modified":"2020-04-22T08:27:49","modified_gmt":"2020-04-22T11:27:49","slug":"vela-ignicao-fiat-palio-1-0-8v-mpi-gasolina-gnv-1996-ngk-bkr6e-jogo","status":"publish","type":"product","link":"https:\/\/joaopauloautopecas.com.br\/?product=vela-ignicao-fiat-palio-1-0-8v-mpi-gasolina-gnv-1996-ngk-bkr6e-jogo","title":{"rendered":"Vela Igni\u00e7\u00e3o Fiat Palio 1.0 8v mpi Gasolina \/ GNV 1996\/&#8230; NGK BKR6E &#8211; JOGO"},"content":{"rendered":"<h2>Vela Igni\u00e7\u00e3o Fiat Palio 1.0 8v mpi Gasolina \/ GNV 1996\/&#8230; NGK BKR6E &#8211; JG<\/h2>\n<h2 class=\"title\">Descri\u00e7\u00e3o do Produto<\/h2>\n<div class=\"productDescription\"><b>Especifica\u00e7\u00f5es T\u00e9cnicas:<\/b><br \/>\n&#8211; Produto Original NGK<br \/>\n&#8211; C\u00f3digo da Vela NGK: BKR6E-D<br \/>\n&#8211; Vela do Tipo Green Plug<\/p>\n<p><b>Vantagens do uso das Velas Green Plug:<\/b><br \/>\n&#8211; Vela do tipo resistiva evitando interfer\u00eancia em sistemas eletr\u00f4nicos<br \/>\n&#8211; Melhor desempenho do motor<br \/>\n&#8211; Partidas mais r\u00e1pidas, mesmo em dias frios<br \/>\n&#8211; Possibilita o uso de misturas ar\/combust\u00edvel mais pobres<br \/>\n&#8211; Excelente desempenho em ve\u00edculos movidos a g\u00e1s (GNV)<br \/>\n&#8211; Proporciona marcha lenta mais est\u00e1vel<\/p>\n<p><b>Jogo Composto Por:<\/b><br \/>\n&#8211; 04 Velas de Igni\u00e7\u00e3o<\/p>\n<p><b>Serve nos Modelos:<\/b><br \/>\n<b>&#8211; Chrysler:<\/b><br \/>\n&#8211; Neon 2.0 16v Gasolina \/ GNV Desde 1996<br \/>\n&#8211; Stratus 2.0 16v Gasolina \/ GNV<\/p>\n<p><b>&#8211; Citro\u00ebn:<\/b><br \/>\n&#8211; C3 1.4 8v \/ Flex (82 cv \u00e1lc. &#8211; 80 cv gas. &#8211; TU3JP) Bicombust\u00edvel \/ GNV Desde 2006<br \/>\n&#8211; Xantia 1.8 8v ( XU7JB LFX ) Gasolina \/ GNV Desde 1998<br \/>\n&#8211; ZX 1.8 8v ( XU7JP ) Gasolina \/ GNV 1993 a 03\/1996 BCPR6ES<br \/>\n&#8211; ZX 2.0 16v &#8211; inj. ( XU10J4RS ) Gasolina \/ GNV 1996 a 1998<\/p>\n<p><b>&#8211; Fiat:<\/b><br \/>\n&#8211; Dobl\u00f2 1.4 8v \/ Flex ( 85cv gas. \/ 86 \u00e1lc. ) Bicombust\u00edvel \/ GNV Desde 2007<br \/>\n&#8211; Fiorino 1.3 8v MPI \/ Furg\u00e3o Fire Flex ( 70 cv gas. &#8211; 71 cv \u00e1lc. ) Bicombust\u00edvel \/ GNV Desde 2007<br \/>\n&#8211; Fiorino 1.3 8v \/ Furg\u00e3o Fire ( 65 cv ) Gasolina \/ GNV Desde 2003<br \/>\n&#8211; Fiorino \/ Fiorino Pick-up 1.0 8v \/ mpi Gasolina \/ GNV Desde 1996<br \/>\n&#8211; Idea 1.4 8v \/ ELX Flex ( 80 cv gas. \/ 81 cv \u00e1lc. ) Bicombust\u00edvel \/ GNV Desde 2005<br \/>\n&#8211; Marea 1.6 16v \/ SX ( 106 cv ) Gasolina \/ GNV Desde 2005<br \/>\n&#8211; Palio 1.0 8v \/ mpi Gasolina \/ GNV Desde 1996<br \/>\n&#8211; Palio 1.0 8v \/ Fire &#8211; dois transformadores separados Gasolina \/ GNV Desde 2001<br \/>\n&#8211; Palio 1.0 8v \/ Fire &#8211; transformador de um s\u00f3 corpo Gasolina \/ GNV Desde 2004<br \/>\n&#8211; Palio 1.0 8v \/ Fire Flex ( 65 cv gas. &#8211; 66 cv \u00e1lc. ) Bicombust\u00edvel \/ GNV Desde 2005<br \/>\n&#8211; Palio 1.0 8v \/ Fire Economy ( 75cv \u00e0lc. \/ 73cv gas. ) Bicombust\u00edvel \/ GNV Desde 2009<br \/>\n&#8211; Palio 1.3 8v \/ Fire Gasolina \/ GNV Desde 2003<br \/>\n&#8211; Palio 1.3 8v \/ Fire Flex Bicombust\u00edvel \/ GNV Desde 2004<br \/>\n&#8211; Palio 1.4 8v \/ Fire Flex ( 80cv gas.\/ 81cv \u00e1lc. ) Bicombust\u00edvel \/ GNV Desde 2005<br \/>\n&#8211; Palio 1.4 8v \/ Flex ( 85cv gas. \/ 86cv \u00e1lc. ) Bicombust\u00edvel \/ GNV Desde 2007<br \/>\n&#8211; Palio 1.6 16v \/ mpi Gasolina \/ GNV At\u00e9 1999<br \/>\n&#8211; Palio Weekend 1.0 8v \/ mpi Gasolina \/ GNV Desde 1996<br \/>\n&#8211; Palio Weekend 1.3 8v \/ Fire Gasolina \/ GNV<br \/>\n&#8211; Palio Weekend 1.3 8v \/ Fire Flex Bicombust\u00edvel \/ GNV<br \/>\n&#8211; Palio Weekend 1.4 8v \/ Flex ( 80 cv gas. \/ 81 cv \u00e1lc. ) Bicombust\u00edvel \/ GNV Desde 2005<br \/>\n&#8211; Palio Weekend 1.4 8v \/ Flex ( 85cv gas. \/ 86cv \u00e1lc. ) Bicombust\u00edvel \/ GNV Desde 2007<br \/>\n&#8211; Palio Weekend 1.6 16v \/ mpi Gasolina \/ GNV At\u00e9 1999<br \/>\n&#8211; Punto 1.4 8v MPI \/ Fire Flex (85 cv gas.- 86 cv \u00e1lc.) Bicombust\u00edvel \/ GNV Desde 2007<br \/>\n&#8211; Siena 1.0 8v \/ mpi Gasolina \/ GNV Desde 1996<br \/>\n&#8211; Siena 1.0 8v \/ Fire &#8211; transformador de um s\u00f3 corpo Gasolina \/ GNV Desde 2004<br \/>\n&#8211; Siena 1.0 8v \/ Fire Flex ( 65 cv gas. \/ 66 cv \u00e1lc. ) Bicombust\u00edvel \/ GNV Desde 2005<br \/>\n&#8211; Siena 1.0 8v \/ Fire Flex ( 73 cv gas. \/ 75 cv \u00e1lc. ) Bicombust\u00edvel \/ GNV Desde 2007<br \/>\n&#8211; Siena 1.3 8v \/ Fire Gasolina \/ GNV<br \/>\n&#8211; Siena 1.3 8v \/ Fire Gasolina \/ GNV<br \/>\n&#8211; Siena 1.4 8v \/ ELX Flex ( 80 cv gas. \/ 81 cv \u00e1lc. ) Bicombust\u00edvel \/ GNV Desde 2005<br \/>\n&#8211; Siena 1.4 8v \/ Fire Flex ( 85 cv gas. \/ 86 cv \u00e1lc. ) Bicombust\u00edvel \/ GNV Desde 2007<br \/>\n&#8211; Siena 1.6 16v \/ mpi Gasolina \/ GNV At\u00e9 1999<br \/>\n&#8211; Siena Tetrafuel 1.4 8v ( 68 cv gnv \/ 80 cv gas. \/ 81 cv \u00e1lc. ) Tetrafuel Desde 2006<br \/>\n&#8211; Strada 1.3 8v \/ Fire Gasolina \/ GNV<br \/>\n&#8211; Strada 1.4 8v \/ Fire Flex ( 80cv gas. \/ 81cv \u00e1lc. ) Bicombust\u00edvel \/ GNV Desde 2005<br \/>\n&#8211; Strada 1.4 8v \/ Flex ( 85cv gas. \/ 86cv \u00e1lc. ) Bicombust\u00edvel \/ GNV Desde 2007<br \/>\n&#8211; Strada 1.6 16v mpi Gasolina \/ GNV At\u00e9 1999<br \/>\n&#8211; Uno 1.0 8v \/ Mille Fire Gasolina \/ GNV<br \/>\n&#8211; Uno 1.0 8v \/ Mille Fire Flex (65 cv gas.\/ 66 cv \u00e1lc.) Bicombust\u00edvel \/ GNV Desde 2006<br \/>\n&#8211; Uno 1.0 8v \/ Mille Fire Flex (dois transformadores separados) Bicombust\u00edvel \/ GNV<br \/>\n&#8211; Uno 1.0 8v \/ Mille Fire Economy Flex ( 65 cv gas. \/ 66 cv \u00e1lc. ) Bicombust\u00edvel \/ GNV Desde 2008<br \/>\n&#8211; Uno 1.0 \/ Fire EVO ( 73 cv gas. \/ 75 cv \u00e1lc. ) Bicombust\u00edvel \/ GNV Desde 2010<br \/>\n&#8211; Uno Furgoneta 1.3 8v \/ Fire ( 65 cv ) Gasolina \/ GNV Desde 2004<br \/>\n&#8211; Uno Furgoneta 1.3 8v MPI \/ Fire Flex ( 70cv gas. \/ 71cv \u00e1lc.) Bicombust\u00edvel \/ GNV Desde 2007<\/p>\n<p><b>&#8211; Hyundai:<\/b><br \/>\n&#8211; S Coupe 1.5 &#8211; turbo Gasolina \/ GNV<\/p>\n<p><b>&#8211; Jaguar:<\/b><br \/>\n&#8211; Daimler \/ Soreveign 4.0 Gasolina \/ GNV<br \/>\n&#8211; XJ6 4.0 24v Gasolina \/ GNV 1990 a 1996<br \/>\n&#8211; XJ-S 4.0 Gasolina \/ GNV 1992 a 1996<\/p>\n<p><b>&#8211; Kia Motors:<\/b><br \/>\n&#8211; Carens 1.8 ( 110 cv ) Gasolina \/ GNV Desde 2001<br \/>\n&#8211; Sephia 2 1.6 \/ FB522 ( 102 cv &#8211; OKAB5 ) Gasolina \/ GNV Desde 04\/2001<\/p>\n<p><b>&#8211; Mercedes-Benz:<\/b><br \/>\n&#8211; 300 SE 2.8 ( 193 cv &#8211; M104.944 \/ M104.992 ) Gasolina \/ GNV 02\/1993 a 10\/1998<br \/>\n&#8211; 300 SE\/SEL 3.2 ( 231 cv &#8211; M104.990 ) Gasolina \/ GNV 03\/1991 a 06\/1993<br \/>\n&#8211; 500 E 5.0 V8 ( 319 cv &#8211; M119.974 ) Gasolina \/ GNV 06\/1991 a 06\/1993<br \/>\n&#8211; C180 (202) 1.8 ( 122 cv &#8211; M111.920 ) Gasolina \/ GNV 06\/1993 a 06\/1997<br \/>\n&#8211; C200 2.0 Gasolina \/ GNV 03\/1994 a 08\/1997<br \/>\n&#8211; C220 2.2 Gasolina \/ GNV<br \/>\n&#8211; C230 2.3 \/ Kompressor Gasolina \/ GNV Desde 10\/1995<br \/>\n&#8211; C280 2.8 Gasolina \/ GNV Desde 06\/1993<br \/>\n&#8211; CL600 6.0 ( M 120.980 ) Gasolina \/ GNV Desde 1997<br \/>\n&#8211; CLK230 2.3 16v \/ Kompressor Gasolina \/ GNV Desde 03\/2000<br \/>\n&#8211; E220 2.2 Gasolina \/ GNV<br \/>\n&#8211; E500 5.0 V8 ( 320 cv &#8211; M 119.974 ) Gasolina \/ GNV 06\/1993 a 06\/1995<br \/>\n&#8211; S280 2.8 Gasolina \/ GNV Desde 06\/1993<br \/>\n&#8211; S320 3.2 Gasolina \/ GNV 07\/1993 a 1999<br \/>\n&#8211; S420 4.2 V8 ( 279 cv &#8211; M119.971 \/ M119.981 ) Gasolina \/ GNV 06\/1993 a 06\/1997<br \/>\n&#8211; S500 5.0 V8 ( 319 cv &#8211; M119.970 ) Gasolina \/ GNV 07\/1993 a 1999<br \/>\n&#8211; S600 6.0 48v V12 Gasolina \/ GNV 07\/1993 a 1999<br \/>\n&#8211; SL320 3.2 ( 231 cv &#8211; M 104.991 ) Gasolina \/ GNV 07\/1993 a 06\/1997<\/p>\n<p><b>&#8211; Mitsubishi:<\/b><br \/>\n&#8211; Colt 1.8 ( 4G93 ) Gasolina \/ GNV 1992 a 1994<br \/>\n&#8211; Galant 2.0 ( 6A12 ) Gasolina \/ GNV Desde 1993<\/p>\n<p><b>&#8211; Nissan:<\/b><br \/>\n&#8211; Sentra 1.8 16v \/ B15X ( 115 cv &#8211; QG18DE ) Gasolina \/ GNV Desde 2005<\/p>\n<p><b>&#8211; Peugeot:<\/b><br \/>\n&#8211; 205 2.0 \/ GTI ( XU9JP ) Gasolina \/ GNV<br \/>\n&#8211; 206 1.4 8v \/ Flex (82 cv alc &#8211; 80 cv gas &#8211; TU3JP) Bicombust\u00edvel \/ GNV Desde 2006<br \/>\n&#8211; 206 1.4 8v ( TU3JP-KFX ) Gasolina \/ GNV Desde 2005<br \/>\n&#8211; 206 SW 1.4 8v \/ Flex ( 80 cv gas. \/ 82 cv alc &#8211; TU3JP) Bicombust\u00edvel \/ GNV Desde 2006<br \/>\n&#8211; 206 SW 1.4 8v ( 75 cv &#8211; TU3JP-KFX ) Gasolina \/ GNV Desde 2005<br \/>\n&#8211; 207 1.4 8v \/ Flex (80 cv gas. &#8211; 82 cv \u00e1lc. &#8211; TU3JP) Bicombust\u00edvel \/ GNV Desde 2008<br \/>\n&#8211; 207 SW 1.4 8v \/ Flex (80 cv gas. &#8211; 82 cv \u00e1lc. &#8211; TU3JP) Bicombust\u00edvel \/ GNV Desde 2008<br \/>\n&#8211; 306 1.8i \/ XT ( XU7JP ) Gasolina \/ GNV<br \/>\n&#8211; 306 2.0 16v \/ S16 ( XU10J4 ) Gasolina \/ GNV At\u00e9 03\/1997<br \/>\n&#8211; 405 2.0i \/ MI16 ( XU10J4 ) Gasolina \/ GNV Desde 07\/1992<br \/>\n&#8211; Hoggar 1.4 8v ( 82 cv \u00e1lc \/ 80 cv gas. &#8211; TU3JP ) Bicombust\u00edvel \/ GNV Desde 2010<\/p>\n<p><b>&#8211; Renault:<\/b><br \/>\n&#8211; Scenic 2.0 16v ( F4R ) Gasolina \/ GNV Desde 07\/2000<\/p>\n<p><b>&#8211; Subaru:<\/b><br \/>\n&#8211; Legacy 2.5 Gasolina \/ GNV At\u00e9 2001<\/p>\n<p><b>&#8211; Suzuki:<\/b><br \/>\n&#8211; Baleno 1.5 ( G15A ) Gasolina \/ GNV 1994 a 1998<br \/>\n&#8211; 1.6 &#8211; SOHC ( G16B ) Gasolina \/ GNV 1994 a 1999<br \/>\n&#8211; 1.6 16v ( G16A ) Gasolina \/ GNV Desde 1995<br \/>\n&#8211; Jimny 1.3 16v ( G13B ) Gasolina \/ GNV At\u00e9 2000<br \/>\n&#8211; Sidekick 1.6 &#8211; SOHC ( G16B ) Gasolina \/ GNV 1996 a 1998<br \/>\n&#8211; 1.6 8v &#8211; SOHC ( G16A ) Gasolina \/ GNV 1989 a 1995<br \/>\n&#8211; 1.6 16v &#8211; SOHC ( G16B ) Gasolina \/ GNV 1992 a 1996<br \/>\n&#8211; Swift 1.6 16v ( G16B ) Gasolina \/ GNV 1996 a 1998<br \/>\n&#8211; Vitara 1.6 \/ 2.0 &#8211; 5 DR Gasolina \/ GNV Desde 1993<br \/>\n&#8211; 1.6 16v ( G16B ) Gasolina \/ GNV 1993 a 1998<br \/>\n&#8211; 2.0 V6 ( 136 cv &#8211; H20A ) Gasolina \/ GNV 06\/1995 a 1999<\/p>\n<p><b>&#8211; Toyota:<\/b><br \/>\n&#8211; MR-2 2.0 \/ Turbo ( 3S &#8211; GTE ) Gasolina \/ GNV 1991 a 1995<\/p>\n<p><b>&#8211; Volvo:<\/b><br \/>\n&#8211; 850 2.5 20v ( B5254FS ) Gasolina \/ GNV 1993 a 1997<br \/>\n&#8211; 850 aspirado ( B5254F ) Gasolina \/ GNV<br \/>\n&#8211; 960 3.0 L6 ( B6304S \/ F ) Gasolina \/ GNV 1992 a 1997<br \/>\n&#8211; 960 3.0 aspirado (B6304F) Gasolina \/ GNV<br \/>\n&#8211; S70 2.5 20v ( B5254S ) Gasolina \/ GNV Desde 1997<br \/>\n&#8211; V70 2.5 10v ( 144 cv &#8211; B5252S ) Gasolina \/ GNV 01\/1997 a 03\/2000<br \/>\n&#8211; V70 2.5 20v ( 170 cv &#8211; B5254S ) Gasolina \/ GNV 1997 a 03\/2000<\/p>\n<p><b>&#8211; Volkswagen:<\/b><br \/>\n&#8211; Passat \/ Variant 2.0 16v FSI ( 150 cv &#8211; BLY \/ BVZ ) Gasolina \/ GNV 10\/2005 a 05\/2007<\/p>\n<p><b>Importante:<\/b><br \/>\n&#8211; O valor \u00e9 referente ao\u00a0<b>jogo.<\/b><br \/>\n&#8211; Garantia de 3 meses contra defeitos de fabrica\u00e7\u00e3o.<br \/>\n&#8211; O produto \u00e9 enviado com nota fiscal.<br \/>\n&#8211; N\u00e3o nos responsabilizamos pela m\u00e1 instala\u00e7\u00e3o ou mau uso do produto, para evitar transtornos procure um profissional especializado.<br \/>\n&#8211; Como temos vendas de balc\u00e3o, consulte o estoque antes da compra.<\/div>\n","protected":false},"excerpt":{"rendered":"<p>Vela Igni\u00e7\u00e3o Fiat Palio 1.0 8v mpi Gasolina \/ GNV 1996\/&#8230; NGK BKR6E &#8211; JG Descri\u00e7\u00e3o do Produto Especifica\u00e7\u00f5es T\u00e9cnicas: &#8211; Produto Original NGK &#8211; C\u00f3digo da Vela NGK: BKR6E-D &#8211; Vela do Tipo Green Plug Vantagens do uso das Velas Green Plug: &#8211; Vela do tipo resistiva evitando interfer\u00eancia em sistemas eletr\u00f4nicos &#8211; Melhor &hellip;<\/p>\n<p class=\"read-more\"> <a class=\"\" href=\"https:\/\/joaopauloautopecas.com.br\/?product=vela-ignicao-fiat-palio-1-0-8v-mpi-gasolina-gnv-1996-ngk-bkr6e-jogo\"> <span class=\"screen-reader-text\">Vela Igni\u00e7\u00e3o Fiat Palio 1.0 8v mpi Gasolina \/ GNV 1996\/&#8230; NGK BKR6E &#8211; JOGO<\/span> Leia mais &raquo;<\/a><\/p>\n","protected":false},"featured_media":9950,"comment_status":"open","ping_status":"closed","template":"","meta":{"site-sidebar-layout":"default","site-content-layout":"default","ast-main-header-display":"","ast-hfb-above-header-display":"","ast-hfb-below-header-display":"","ast-hfb-mobile-header-display":"","site-post-title":"","ast-breadcrumbs-content":"","ast-featured-img":"","footer-sml-layout":"","theme-transparent-header-meta":"","adv-header-id-meta":"","stick-header-meta":"","header-above-stick-meta":"","header-main-stick-meta":"","header-below-stick-meta":""},"product_cat":[121,81],"product_tag":[132,133,122,144,83,134],"class_list":{"0":"post-9949","1":"product","2":"type-product","3":"status-publish","4":"has-post-thumbnail","6":"product_cat-eletrica","7":"product_cat-motor","8":"product_tag-bobina-de-ignicao","9":"product_tag-cabo-de-ignicao","10":"product_tag-eletrica","11":"product_tag-ignicao","12":"product_tag-motor","13":"product_tag-vela-de-ignicao","15":"first","16":"instock","17":"shipping-taxable","18":"purchasable","19":"product-type-simple"},"_links":{"self":[{"href":"https:\/\/joaopauloautopecas.com.br\/index.php?rest_route=\/wp\/v2\/product\/9949","targetHints":{"allow":["GET"]}}],"collection":[{"href":"https:\/\/joaopauloautopecas.com.br\/index.php?rest_route=\/wp\/v2\/product"}],"about":[{"href":"https:\/\/joaopauloautopecas.com.br\/index.php?rest_route=\/wp\/v2\/types\/product"}],"replies":[{"embeddable":true,"href":"https:\/\/joaopauloautopecas.com.br\/index.php?rest_route=%2Fwp%2Fv2%2Fcomments&post=9949"}],"wp:featuredmedia":[{"embeddable":true,"href":"https:\/\/joaopauloautopecas.com.br\/index.php?rest_route=\/wp\/v2\/media\/9950"}],"wp:attachment":[{"href":"https:\/\/joaopauloautopecas.com.br\/index.php?rest_route=%2Fwp%2Fv2%2Fmedia&parent=9949"}],"wp:term":[{"taxonomy":"product_cat","embeddable":true,"href":"https:\/\/joaopauloautopecas.com.br\/index.php?rest_route=%2Fwp%2Fv2%2Fproduct_cat&post=9949"},{"taxonomy":"product_tag","embeddable":true,"href":"https:\/\/joaopauloautopecas.com.br\/index.php?rest_route=%2Fwp%2Fv2%2Fproduct_tag&post=9949"}],"curies":[{"name":"wp","href":"https:\/\/api.w.org\/{rel}","templated":true}]}}