{"id":9935,"date":"2020-04-09T14:15:31","date_gmt":"2020-04-09T17:15:31","guid":{"rendered":"https:\/\/joaopauloautopecas.com.br\/?post_type=product&#038;p=9935"},"modified":"2020-04-13T09:43:03","modified_gmt":"2020-04-13T12:43:03","slug":"kit-troca-de-oleo-e-filtro-5w40-syntium-3000-xs-api-sm-4-litros-vw-gol-1-0-2007-a-2012","status":"publish","type":"product","link":"https:\/\/joaopauloautopecas.com.br\/?product=kit-troca-de-oleo-e-filtro-5w40-syntium-3000-xs-api-sm-4-litros-vw-gol-1-0-2007-a-2012","title":{"rendered":"Kit Troca De \u00d3leo E Filtro 5W40 SYNTIUM 3000 XS API SM 4 LITROS VW GOL 1.0 2007 A 2012"},"content":{"rendered":"<h3>Kit Troca De \u00d3leo E Filtro 5W40 SYNTIUM 3000 XS API SM 4 LITROS VW GOL 1.0 2007 A 2012<\/h3>\n<table>\n<tbody>\n<tr>\n<td>Aplica\u00e7\u00e3o do produto:<\/td>\n<\/tr>\n<tr>\n<td><b>VW GOL<\/b> de 2007 a 2012<\/td>\n<\/tr>\n<tr>\n<td><b>VW SAVEIRO<\/b> de 2007 a 2012<\/td>\n<\/tr>\n<tr>\n<td><b>VW PARATI<\/b>\u00a0de 2006 a 2016<\/td>\n<\/tr>\n<tr>\n<td><\/td>\n<\/tr>\n<tr>\n<td><\/td>\n<\/tr>\n<tr>\n<td><\/td>\n<\/tr>\n<tr>\n<td><\/td>\n<\/tr>\n<tr>\n<td><\/td>\n<\/tr>\n<tr>\n<td><\/td>\n<\/tr>\n<tr>\n<td>Marca: Metal Leve \/ Petronas<\/td>\n<\/tr>\n<tr>\n<td>C\u00f3digos de referencia:<\/p>\n<p>OC522, TM2, PSL560, 54030BR, 0986B00016, W712\/53, W19\/4, W719\/5, W719\/30, W914\/4, W7MULTI3\/4D, OC250, B7TOP3\/4D, WO340,0986B00043, WL10174<\/td>\n<\/tr>\n<tr>\n<td>Garantia: 3 Meses<\/td>\n<\/tr>\n<tr>\n<td>Peso: 4.300 kg<\/td>\n<\/tr>\n<tr>\n<td>Dimens\u00f5es (LxAxP) 30x30x28<\/td>\n<\/tr>\n<tr>\n<td>\n<div><strong>Kit troca de \u00d3leo SELENIA 5W40 SYNTIUM 3000 XS API SM com Filtro de \u00d3leo para Motores a Flex, Gasolina e GNV\u00a0<\/strong><\/div>\n<div><strong>ESPECIFICA\u00c7\u00c3O DO PRODUTO:<\/strong><\/div>\n<ul>\n<li>\n<div>Garantia 3 Meses<\/div>\n<\/li>\n<li>Todos os Lubrificantes e Filtros Comercializados em Nossas Lojas, S\u00e3o Homologados Pelas Montadoras<\/li>\n<li>\n<div>Valor Referente ao Kit<\/div>\n<\/li>\n<\/ul>\n<div><strong>CONTE\u00daDO DA EMBALAGEM:<\/strong><\/div>\n<ul>\n<li>4 Litros de \u00d3leo de Motor SELENIA 5W40 SYNTIUM 3000 XS API SM<\/li>\n<li>1 Filtro de \u00d3leo Metal Leve<\/li>\n<\/ul>\n<div><strong>IMPORTANTE:<\/strong> A Jo\u00e3o Paulo auto pe\u00e7as n\u00e3o se responsabiliza pela m\u00e1 instala\u00e7\u00e3o ou mau uso do produto, para evitar transtorno recomendamos que a instala\u00e7\u00e3o seja feita por um profissional especializado.<\/div>\n<\/td>\n<\/tr>\n<\/tbody>\n<\/table>\n","protected":false},"excerpt":{"rendered":"<p>Kit Troca De \u00d3leo E Filtro 5W40 SYNTIUM 3000 XS API SM 4 LITROS VW GOL 1.0 2007 A 2012 Aplica\u00e7\u00e3o do produto: VW GOL de 2007 a 2012 VW SAVEIRO de 2007 a 2012 VW PARATI\u00a0de 2006 a 2016 Marca: Metal Leve \/ Petronas C\u00f3digos de referencia: OC522, TM2, PSL560, 54030BR, 0986B00016, W712\/53, W19\/4, &hellip;<\/p>\n<p class=\"read-more\"> <a class=\"\" href=\"https:\/\/joaopauloautopecas.com.br\/?product=kit-troca-de-oleo-e-filtro-5w40-syntium-3000-xs-api-sm-4-litros-vw-gol-1-0-2007-a-2012\"> <span class=\"screen-reader-text\">Kit Troca De \u00d3leo E Filtro 5W40 SYNTIUM 3000 XS API SM 4 LITROS VW GOL 1.0 2007 A 2012<\/span> Leia mais &raquo;<\/a><\/p>\n","protected":false},"featured_media":9937,"comment_status":"open","ping_status":"closed","template":"","meta":{"site-sidebar-layout":"default","site-content-layout":"default","ast-main-header-display":"","ast-hfb-above-header-display":"","ast-hfb-below-header-display":"","ast-hfb-mobile-header-display":"","site-post-title":"","ast-breadcrumbs-content":"","ast-featured-img":"","footer-sml-layout":"","theme-transparent-header-meta":"","adv-header-id-meta":"","stick-header-meta":"","header-above-stick-meta":"","header-main-stick-meta":"","header-below-stick-meta":""},"product_cat":[81],"product_tag":[85,244,306,303,83,302],"class_list":{"0":"post-9935","1":"product","2":"type-product","3":"status-publish","4":"has-post-thumbnail","6":"product_cat-motor","7":"product_tag-bomba-oleo","8":"product_tag-filtro-oleo-lubrificante","9":"product_tag-kit-troca-de-oleo","10":"product_tag-lubrificante-de-motor","11":"product_tag-motor","12":"product_tag-oleo-de-motor","14":"first","15":"instock","16":"shipping-taxable","17":"purchasable","18":"product-type-simple"},"_links":{"self":[{"href":"https:\/\/joaopauloautopecas.com.br\/index.php?rest_route=\/wp\/v2\/product\/9935","targetHints":{"allow":["GET"]}}],"collection":[{"href":"https:\/\/joaopauloautopecas.com.br\/index.php?rest_route=\/wp\/v2\/product"}],"about":[{"href":"https:\/\/joaopauloautopecas.com.br\/index.php?rest_route=\/wp\/v2\/types\/product"}],"replies":[{"embeddable":true,"href":"https:\/\/joaopauloautopecas.com.br\/index.php?rest_route=%2Fwp%2Fv2%2Fcomments&post=9935"}],"wp:featuredmedia":[{"embeddable":true,"href":"https:\/\/joaopauloautopecas.com.br\/index.php?rest_route=\/wp\/v2\/media\/9937"}],"wp:attachment":[{"href":"https:\/\/joaopauloautopecas.com.br\/index.php?rest_route=%2Fwp%2Fv2%2Fmedia&parent=9935"}],"wp:term":[{"taxonomy":"product_cat","embeddable":true,"href":"https:\/\/joaopauloautopecas.com.br\/index.php?rest_route=%2Fwp%2Fv2%2Fproduct_cat&post=9935"},{"taxonomy":"product_tag","embeddable":true,"href":"https:\/\/joaopauloautopecas.com.br\/index.php?rest_route=%2Fwp%2Fv2%2Fproduct_tag&post=9935"}],"curies":[{"name":"wp","href":"https:\/\/api.w.org\/{rel}","templated":true}]}}