{"id":9932,"date":"2020-04-08T09:37:54","date_gmt":"2020-04-08T12:37:54","guid":{"rendered":"https:\/\/joaopauloautopecas.com.br\/?post_type=product&#038;p=9932"},"modified":"2020-04-13T09:43:13","modified_gmt":"2020-04-13T12:43:13","slug":"kit-troca-de-oleo-e-filtro-gm-corsa-celta-vectra-monza-1-0-1-6-1-8-ac-delco-20w50-api-sl","status":"publish","type":"product","link":"https:\/\/joaopauloautopecas.com.br\/?product=kit-troca-de-oleo-e-filtro-gm-corsa-celta-vectra-monza-1-0-1-6-1-8-ac-delco-20w50-api-sl","title":{"rendered":"Kit Troca de \u00d3leo e Filtro GM Corsa, Celta, Vectra, Monza 1.0\/1.6\/1.8 AC Delco 20W50 API SL"},"content":{"rendered":"<h2>Kit Troca de \u00d3leo e Filtro GM Corsa, Celta, Vectra, Monza 1.0\/1.6\/1.8 AC Delco 20W50 API SL<\/h2>\n<p>4X LITROS DE \u00d3LEO 20W50 AC DELCO<\/p>\n<p>1X FILTRO LUBRIFICANTE 0986B00021 BOSCH<\/p>\n<p>\u00d3leo lubrificante mineral para motores a gasolina, \u00e1lcool, GNV e flex, ACDelco \u00e9 a marca original da GM Chevrolet<\/p>\n<p>Especifica\u00e7\u00f5es: SAE 20W-50 API SL<\/p>\n<p><strong> APLICA\u00c7\u00c3O:<\/strong><br \/>\nChevrolet Astra de 1999 a 2004<br \/>\nChevrolet Blazer de 1996 a 2006<br \/>\nChevrolet Calibra de 1995 a 1996<br \/>\nChevrolet Celta de 2001 a 2006<br \/>\nChevrolet Chevette de 1973 a 1994<br \/>\nChevrolet Corsa Classic de 1994 a 2005<br \/>\nChevrolet Corsa Novo de 2002 a 2005<br \/>\nChevrolet Corsa Pickup de 1997 a 20003<br \/>\nChevrolet Corsa Wagon de 1997 a 2003<br \/>\nChevrolet Kadett de 2009 a 2011<br \/>\nChevrolet Meriva de 2002 a 2005<br \/>\nChevrolet Montana de 2004 a 2005<br \/>\nChevrolet Monza de 1982 a 1996<br \/>\nChevrolet Omega de 1993 a 2006<br \/>\nChevrolet Opala de 1969 a 1992<br \/>\nChevrolet Tigra de 1998 a 2000<br \/>\nChevrolet Vectra de 1994 a 2005<br \/>\nChevrolet Zafira de 2001 a 2004<\/p>\n","protected":false},"excerpt":{"rendered":"<p>Kit Troca de \u00d3leo e Filtro GM Corsa, Celta, Vectra, Monza 1.0\/1.6\/1.8 AC Delco 20W50 API SL 4X LITROS DE \u00d3LEO 20W50 AC DELCO 1X FILTRO LUBRIFICANTE 0986B00021 BOSCH \u00d3leo lubrificante mineral para motores a gasolina, \u00e1lcool, GNV e flex, ACDelco \u00e9 a marca original da GM Chevrolet Especifica\u00e7\u00f5es: SAE 20W-50 API SL APLICA\u00c7\u00c3O: Chevrolet &hellip;<\/p>\n<p class=\"read-more\"> <a class=\"\" href=\"https:\/\/joaopauloautopecas.com.br\/?product=kit-troca-de-oleo-e-filtro-gm-corsa-celta-vectra-monza-1-0-1-6-1-8-ac-delco-20w50-api-sl\"> <span class=\"screen-reader-text\">Kit Troca de \u00d3leo e Filtro GM Corsa, Celta, Vectra, Monza 1.0\/1.6\/1.8 AC Delco 20W50 API SL<\/span> Leia mais &raquo;<\/a><\/p>\n","protected":false},"featured_media":9934,"comment_status":"open","ping_status":"closed","template":"","meta":{"site-sidebar-layout":"default","site-content-layout":"default","ast-main-header-display":"","ast-hfb-above-header-display":"","ast-hfb-below-header-display":"","ast-hfb-mobile-header-display":"","site-post-title":"","ast-breadcrumbs-content":"","ast-featured-img":"","footer-sml-layout":"","theme-transparent-header-meta":"","adv-header-id-meta":"","stick-header-meta":"","header-above-stick-meta":"","header-main-stick-meta":"","header-below-stick-meta":""},"product_cat":[81],"product_tag":[85,244,306,83,302],"class_list":{"0":"post-9932","1":"product","2":"type-product","3":"status-publish","4":"has-post-thumbnail","6":"product_cat-motor","7":"product_tag-bomba-oleo","8":"product_tag-filtro-oleo-lubrificante","9":"product_tag-kit-troca-de-oleo","10":"product_tag-motor","11":"product_tag-oleo-de-motor","13":"first","14":"instock","15":"shipping-taxable","16":"purchasable","17":"product-type-simple"},"_links":{"self":[{"href":"https:\/\/joaopauloautopecas.com.br\/index.php?rest_route=\/wp\/v2\/product\/9932","targetHints":{"allow":["GET"]}}],"collection":[{"href":"https:\/\/joaopauloautopecas.com.br\/index.php?rest_route=\/wp\/v2\/product"}],"about":[{"href":"https:\/\/joaopauloautopecas.com.br\/index.php?rest_route=\/wp\/v2\/types\/product"}],"replies":[{"embeddable":true,"href":"https:\/\/joaopauloautopecas.com.br\/index.php?rest_route=%2Fwp%2Fv2%2Fcomments&post=9932"}],"wp:featuredmedia":[{"embeddable":true,"href":"https:\/\/joaopauloautopecas.com.br\/index.php?rest_route=\/wp\/v2\/media\/9934"}],"wp:attachment":[{"href":"https:\/\/joaopauloautopecas.com.br\/index.php?rest_route=%2Fwp%2Fv2%2Fmedia&parent=9932"}],"wp:term":[{"taxonomy":"product_cat","embeddable":true,"href":"https:\/\/joaopauloautopecas.com.br\/index.php?rest_route=%2Fwp%2Fv2%2Fproduct_cat&post=9932"},{"taxonomy":"product_tag","embeddable":true,"href":"https:\/\/joaopauloautopecas.com.br\/index.php?rest_route=%2Fwp%2Fv2%2Fproduct_tag&post=9932"}],"curies":[{"name":"wp","href":"https:\/\/api.w.org\/{rel}","templated":true}]}}