{"id":9926,"date":"2020-04-06T14:49:44","date_gmt":"2020-04-06T17:49:44","guid":{"rendered":"https:\/\/joaopauloautopecas.com.br\/?post_type=product&#038;p=9926"},"modified":"2020-04-07T08:05:52","modified_gmt":"2020-04-07T11:05:52","slug":"kit-troca-oleo-e-filtro-fiat-novo-palio-1-6-e-torq-selenia-5w30-perform-api-sn-100-sintetico","status":"publish","type":"product","link":"https:\/\/joaopauloautopecas.com.br\/?product=kit-troca-oleo-e-filtro-fiat-novo-palio-1-6-e-torq-selenia-5w30-perform-api-sn-100-sintetico","title":{"rendered":"Kit Troca \u00d3leo e Filtro Fiat Novo Palio 1.6 E-Torq Selenia 5w30 Perform API-SN 100% Sint\u00e9tico"},"content":{"rendered":"<h2>Kit Troca \u00d3leo e Filtro Fiat Novo Palio 1.6 E-Torq Selenia 5w30 Perform API-SN 100% Sint\u00e9tico<\/h2>\n<h2 class=\"main-section__title item-description__title\">Descri\u00e7\u00e3o<\/h2>\n<div id=\"description-includes\" class=\"item-description__content \">\n<div class=\"item-description__text\">\n<p>5x LITROS DE \u00d3LEO<br \/>\n1x FILTRO DE \u00d3LEO<\/p>\n<p>PETRONAS \u00d3LEO DE MOTOR SELENIA PERFORM SAE 5W30 5W30 100% SINTETICO Api Sn<br \/>\nFILTRO DE \u00d3LEO METAL LEVE OC600<\/p>\n<p>APLICA\u00c7\u00c3O<br \/>\nFIAT Palio 1.6 E-TORQ, Doblo 1.6 E-TORQ<br \/>\nTodos ve\u00edculos com motoriza\u00e7\u00e3o Fire &#8211; 1.6 de 2008 em diante<\/p>\n<\/div>\n<\/div>\n<p>\u00c9 um \u00f3leo lubrificante 100% sint\u00e9tico desenvolvido para motores de mult\u00faplas v\u00e1lvula, turbinas e de elevado desempenho,dos principais construtores mundiais. Devido a sua formula\u00e7\u00e3o exclusiva, o atrito entre os componentes do motor \u00e9 reduzido ao m\u00ednimo, aumentando a pot\u00eancia do motor, protegendo-o contra o desgaste e a corros\u00e3o, em baixas e altas temperaturas, al\u00e9m de conserv\u00e1-lo mais limpo e eficiente, proporcionando per\u00edodos de trocas mais prolongados.<\/p>\n","protected":false},"excerpt":{"rendered":"<p>Kit Troca \u00d3leo e Filtro Fiat Novo Palio 1.6 E-Torq Selenia 5w30 Perform API-SN 100% Sint\u00e9tico Descri\u00e7\u00e3o 5x LITROS DE \u00d3LEO 1x FILTRO DE \u00d3LEO PETRONAS \u00d3LEO DE MOTOR SELENIA PERFORM SAE 5W30 5W30 100% SINTETICO Api Sn FILTRO DE \u00d3LEO METAL LEVE OC600 APLICA\u00c7\u00c3O FIAT Palio 1.6 E-TORQ, Doblo 1.6 E-TORQ Todos ve\u00edculos com &hellip;<\/p>\n<p class=\"read-more\"> <a class=\"\" href=\"https:\/\/joaopauloautopecas.com.br\/?product=kit-troca-oleo-e-filtro-fiat-novo-palio-1-6-e-torq-selenia-5w30-perform-api-sn-100-sintetico\"> <span class=\"screen-reader-text\">Kit Troca \u00d3leo e Filtro Fiat Novo Palio 1.6 E-Torq Selenia 5w30 Perform API-SN 100% Sint\u00e9tico<\/span> Leia mais &raquo;<\/a><\/p>\n","protected":false},"featured_media":9929,"comment_status":"open","ping_status":"closed","template":"","meta":{"site-sidebar-layout":"default","site-content-layout":"default","ast-main-header-display":"","ast-hfb-above-header-display":"","ast-hfb-below-header-display":"","ast-hfb-mobile-header-display":"","site-post-title":"","ast-breadcrumbs-content":"","ast-featured-img":"","footer-sml-layout":"","theme-transparent-header-meta":"","adv-header-id-meta":"","stick-header-meta":"","header-above-stick-meta":"","header-main-stick-meta":"","header-below-stick-meta":""},"product_cat":[81],"product_tag":[85,244,306,83,302],"class_list":{"0":"post-9926","1":"product","2":"type-product","3":"status-publish","4":"has-post-thumbnail","6":"product_cat-motor","7":"product_tag-bomba-oleo","8":"product_tag-filtro-oleo-lubrificante","9":"product_tag-kit-troca-de-oleo","10":"product_tag-motor","11":"product_tag-oleo-de-motor","13":"first","14":"instock","15":"shipping-taxable","16":"purchasable","17":"product-type-simple"},"_links":{"self":[{"href":"https:\/\/joaopauloautopecas.com.br\/index.php?rest_route=\/wp\/v2\/product\/9926","targetHints":{"allow":["GET"]}}],"collection":[{"href":"https:\/\/joaopauloautopecas.com.br\/index.php?rest_route=\/wp\/v2\/product"}],"about":[{"href":"https:\/\/joaopauloautopecas.com.br\/index.php?rest_route=\/wp\/v2\/types\/product"}],"replies":[{"embeddable":true,"href":"https:\/\/joaopauloautopecas.com.br\/index.php?rest_route=%2Fwp%2Fv2%2Fcomments&post=9926"}],"wp:featuredmedia":[{"embeddable":true,"href":"https:\/\/joaopauloautopecas.com.br\/index.php?rest_route=\/wp\/v2\/media\/9929"}],"wp:attachment":[{"href":"https:\/\/joaopauloautopecas.com.br\/index.php?rest_route=%2Fwp%2Fv2%2Fmedia&parent=9926"}],"wp:term":[{"taxonomy":"product_cat","embeddable":true,"href":"https:\/\/joaopauloautopecas.com.br\/index.php?rest_route=%2Fwp%2Fv2%2Fproduct_cat&post=9926"},{"taxonomy":"product_tag","embeddable":true,"href":"https:\/\/joaopauloautopecas.com.br\/index.php?rest_route=%2Fwp%2Fv2%2Fproduct_tag&post=9926"}],"curies":[{"name":"wp","href":"https:\/\/api.w.org\/{rel}","templated":true}]}}