{"id":9793,"date":"2019-08-05T15:56:13","date_gmt":"2019-08-05T18:56:13","guid":{"rendered":"https:\/\/joaopauloautopecas.com.br\/?post_type=product&#038;p=9793"},"modified":"2020-04-07T08:13:03","modified_gmt":"2020-04-07T11:13:03","slug":"articulacao-axial-fiat-ducato-2001-a-2016-nakata-n-96012-unitario","status":"publish","type":"product","link":"https:\/\/joaopauloautopecas.com.br\/?product=articulacao-axial-fiat-ducato-2001-a-2016-nakata-n-96012-unitario","title":{"rendered":"Articula\u00e7\u00e3o Axial Fiat Ducato 2001 a 2016 &#8211; Nakata N 96012 &#8211; Unit\u00e1rio"},"content":{"rendered":"<h2>Articula\u00e7\u00e3o Axial Fiat Ducato 2001 a 2016 &#8211; Nakata N 96012 &#8211; Unit\u00e1rio<\/h2>\n<div class=\"sku-description\">\n<h2 id=\"anchor-product-detail\" class=\"sku-detail-title\">Descri\u00e7\u00e3o do Produto<\/h2>\n<div class=\"wysiwyg-content\">Terminal Axial<\/div>\n<\/div>\n<div class=\"sku-specs\">\n<div class=\"manufacturer-specs\">\n<h2 class=\"sku-detail-title\">Especifica\u00e7\u00f5es do Fabricante<\/h2>\n<p>Marca: Nakata<\/p>\n<p>C\u00f3digo da Pe\u00e7a: N 96012<\/p>\n<p>NCM: 87089492<\/p>\n<p>Garantia: 12 Meses<\/p>\n<p>Lado: Direito ou Esquerdo<\/p>\n<p>Posi\u00e7\u00e3o: Dianteira<\/p>\n<p>Linha: Leve<\/p>\n<div class=\"sku-bar-code\">\n<p class=\"bar-code-label\">C\u00f3digo de barras:<br \/>\n<span class=\"bar-code\">7892861523797<\/span><\/p>\n<p>C\u00f3digo da Montadora:<\/p>\n<ul>\n<li><b>Citroen:<\/b>\u00a04018A4<\/li>\n<li><b>Fiat:<\/b>\u00a09945836<\/li>\n<\/ul>\n<h3 class=\"application_make make\">CITROEN<\/h3>\n<ul class=\"applications_list citroen\">\n<li><b>JUMPER 2001<\/b>\u00a0Compat\u00edvel com todas as vers\u00f5es<\/li>\n<li><b>JUMPER 2002<\/b>\u00a0Compat\u00edvel com todas as vers\u00f5es<\/li>\n<li><b>JUMPER 2003<\/b>\u00a0Compat\u00edvel com todas as vers\u00f5es<\/li>\n<li><b>JUMPER 2004<\/b>\u00a0Compat\u00edvel com todas as vers\u00f5es<\/li>\n<li><b>JUMPER 2005<\/b>\u00a0Compat\u00edvel com todas as vers\u00f5es<\/li>\n<li><b>JUMPER 2006<\/b>\u00a0Compat\u00edvel com todas as vers\u00f5es<\/li>\n<li><b>JUMPER 2007<\/b>\u00a0Compat\u00edvel com todas as vers\u00f5es<\/li>\n<li><b>JUMPER 2008<\/b>\u00a0Compat\u00edvel com todas as vers\u00f5es<\/li>\n<li><b>JUMPER 2009<\/b>\u00a0Compat\u00edvel com todas as vers\u00f5es<\/li>\n<li><b>JUMPER 2010<\/b>\u00a0Compat\u00edvel com todas as vers\u00f5es<\/li>\n<li><b>JUMPER 2011<\/b>\u00a0Compat\u00edvel com todas as vers\u00f5es<\/li>\n<li><b>JUMPER 2012<\/b>\u00a0Compat\u00edvel com todas as vers\u00f5es<\/li>\n<li><b>JUMPER 2013<\/b>\u00a0Compat\u00edvel com todas as vers\u00f5es<\/li>\n<li><b>JUMPER 2014<\/b>\u00a0Compat\u00edvel com todas as vers\u00f5es<\/li>\n<li><b>JUMPER 2015<\/b>\u00a0Compat\u00edvel com todas as vers\u00f5es<\/li>\n<\/ul>\n<h3 class=\"application_make make\">FIAT<\/h3>\n<ul class=\"applications_list fiat\">\n<li><b>DUCATO 2001<\/b>\u00a0Compat\u00edvel com todas as vers\u00f5es<\/li>\n<li><b>DUCATO 2002<\/b>\u00a0Compat\u00edvel com todas as vers\u00f5es<\/li>\n<li><b>DUCATO 2003<\/b>\u00a0Compat\u00edvel com todas as vers\u00f5es<\/li>\n<li><b>DUCATO 2004<\/b>\u00a0Compat\u00edvel com todas as vers\u00f5es<\/li>\n<li><b>DUCATO 2005<\/b>\u00a0Compat\u00edvel com todas as vers\u00f5es<\/li>\n<li><b>DUCATO 2006<\/b>\u00a0Compat\u00edvel com todas as vers\u00f5es<\/li>\n<li><b>DUCATO 2007<\/b>\u00a0Compat\u00edvel com todas as vers\u00f5es<\/li>\n<li><b>DUCATO 2008<\/b>\u00a0Compat\u00edvel com todas as vers\u00f5es<\/li>\n<li><b>DUCATO 2009<\/b>\u00a0Compat\u00edvel com todas as vers\u00f5es<\/li>\n<li><b>DUCATO 2010<\/b>\u00a0Compat\u00edvel com todas as vers\u00f5es<\/li>\n<li><b>DUCATO 2011<\/b>\u00a0Compat\u00edvel com todas as vers\u00f5es<\/li>\n<li><b>DUCATO 2012<\/b>\u00a0Compat\u00edvel com todas as vers\u00f5es<\/li>\n<li><b>DUCATO 2013<\/b>\u00a0Compat\u00edvel com todas as vers\u00f5es<\/li>\n<li><b>DUCATO 2014<\/b>\u00a0Compat\u00edvel com todas as vers\u00f5es<\/li>\n<li><b>DUCATO 2015<\/b>\u00a0Compat\u00edvel com todas as vers\u00f5es<\/li>\n<li><b>DUCATO 2016<\/b>\u00a0Compat\u00edvel com todas as vers\u00f5es<\/li>\n<\/ul>\n<h3 class=\"application_make make\">PEUGEOT<\/h3>\n<ul class=\"applications_list peugeot\">\n<li><b>BOXER 2001<\/b>\u00a02.8TD<\/li>\n<li><b>BOXER 2002<\/b>\u00a02.8TD<\/li>\n<li><b>BOXER 2003<\/b>\u00a02.8TD<\/li>\n<li><b>BOXER 2004<\/b>\u00a02.8TD<\/li>\n<li><b>BOXER 2005<\/b>\u00a02.8TD<\/li>\n<li><b>BOXER 2006<\/b>\u00a02.8TD<\/li>\n<li><b>BOXER 2007<\/b>\u00a02.8TD<\/li>\n<li><b>BOXER 2008<\/b>\u00a02.8TD<\/li>\n<li><b>BOXER 2009<\/b>\u00a02.8TD<\/li>\n<li><b>BOXER 2010<\/b>\u00a02.8TD<\/li>\n<li><b>BOXER 2011<\/b>\u00a02.8TD<\/li>\n<li><b>BOXER 2012<\/b>\u00a02.8TD<\/li>\n<li><b>BOXER 2013<\/b>\u00a02.8TD<\/li>\n<li><b>BOXER 2014<\/b>\u00a02.8TD<\/li>\n<li><b>BOXER 2015<\/b>\u00a02.8TD<\/li>\n<\/ul>\n<\/div>\n<\/div>\n<\/div>\n","protected":false},"excerpt":{"rendered":"<p>Articula\u00e7\u00e3o Axial Fiat Ducato 2001 a 2016 &#8211; Nakata N 96012 &#8211; Unit\u00e1rio Descri\u00e7\u00e3o do Produto Terminal Axial Especifica\u00e7\u00f5es do Fabricante Marca: Nakata C\u00f3digo da Pe\u00e7a: N 96012 NCM: 87089492 Garantia: 12 Meses Lado: Direito ou Esquerdo Posi\u00e7\u00e3o: Dianteira Linha: Leve C\u00f3digo de barras: 7892861523797 C\u00f3digo da Montadora: Citroen:\u00a04018A4 Fiat:\u00a09945836 CITROEN JUMPER 2001\u00a0Compat\u00edvel com todas &hellip;<\/p>\n<p class=\"read-more\"> <a class=\"\" href=\"https:\/\/joaopauloautopecas.com.br\/?product=articulacao-axial-fiat-ducato-2001-a-2016-nakata-n-96012-unitario\"> <span class=\"screen-reader-text\">Articula\u00e7\u00e3o Axial Fiat Ducato 2001 a 2016 &#8211; Nakata N 96012 &#8211; Unit\u00e1rio<\/span> Leia mais &raquo;<\/a><\/p>\n","protected":false},"featured_media":9794,"comment_status":"open","ping_status":"closed","template":"","meta":{"site-sidebar-layout":"default","site-content-layout":"default","ast-main-header-display":"","ast-hfb-above-header-display":"","ast-hfb-below-header-display":"","ast-hfb-mobile-header-display":"","site-post-title":"","ast-breadcrumbs-content":"","ast-featured-img":"","footer-sml-layout":"","theme-transparent-header-meta":"","adv-header-id-meta":"","stick-header-meta":"","header-above-stick-meta":"","header-main-stick-meta":"","header-below-stick-meta":""},"product_cat":[73],"product_tag":[90,315,251,89,88,74],"class_list":{"0":"post-9793","1":"product","2":"type-product","3":"status-publish","4":"has-post-thumbnail","6":"product_cat-direcao","7":"product_tag-articulacao","8":"product_tag-barra-direcao","9":"product_tag-barra-direcao-axial","10":"product_tag-braco-direcao","11":"product_tag-caixa-direcao","12":"product_tag-direcao","14":"first","15":"instock","16":"shipping-taxable","17":"product-type-simple"},"_links":{"self":[{"href":"https:\/\/joaopauloautopecas.com.br\/index.php?rest_route=\/wp\/v2\/product\/9793","targetHints":{"allow":["GET"]}}],"collection":[{"href":"https:\/\/joaopauloautopecas.com.br\/index.php?rest_route=\/wp\/v2\/product"}],"about":[{"href":"https:\/\/joaopauloautopecas.com.br\/index.php?rest_route=\/wp\/v2\/types\/product"}],"replies":[{"embeddable":true,"href":"https:\/\/joaopauloautopecas.com.br\/index.php?rest_route=%2Fwp%2Fv2%2Fcomments&post=9793"}],"wp:featuredmedia":[{"embeddable":true,"href":"https:\/\/joaopauloautopecas.com.br\/index.php?rest_route=\/wp\/v2\/media\/9794"}],"wp:attachment":[{"href":"https:\/\/joaopauloautopecas.com.br\/index.php?rest_route=%2Fwp%2Fv2%2Fmedia&parent=9793"}],"wp:term":[{"taxonomy":"product_cat","embeddable":true,"href":"https:\/\/joaopauloautopecas.com.br\/index.php?rest_route=%2Fwp%2Fv2%2Fproduct_cat&post=9793"},{"taxonomy":"product_tag","embeddable":true,"href":"https:\/\/joaopauloautopecas.com.br\/index.php?rest_route=%2Fwp%2Fv2%2Fproduct_tag&post=9793"}],"curies":[{"name":"wp","href":"https:\/\/api.w.org\/{rel}","templated":true}]}}