{"id":9704,"date":"2019-07-30T15:50:29","date_gmt":"2019-07-30T18:50:29","guid":{"rendered":"https:\/\/joaopauloautopecas.com.br\/?post_type=product&#038;p=9704"},"modified":"2020-04-07T08:21:37","modified_gmt":"2020-04-07T11:21:37","slug":"sapata-freio-traseira-citroen-c3-2013-a-2016-nakata-nkf-3043ca-par","status":"publish","type":"product","link":"https:\/\/joaopauloautopecas.com.br\/?product=sapata-freio-traseira-citroen-c3-2013-a-2016-nakata-nkf-3043ca-par","title":{"rendered":"Sapata Freio Traseira Citroen C3 2013 a 2016 &#8211; Nakata NKF 3043CA &#8211; Par"},"content":{"rendered":"<h2>Sapata Freio Traseira Citroen C3 2013 a 2016 &#8211; Nakata NKF 3043CA &#8211; Par<\/h2>\n<div class=\"sku-description\">\n<h2 id=\"anchor-product-detail\" class=\"sku-detail-title\">Descri\u00e7\u00e3o do Produto<\/h2>\n<div class=\"wysiwyg-content\">Sapata de Freio<\/div>\n<\/div>\n<div class=\"sku-specs\">\n<div class=\"manufacturer-specs\">\n<h2 class=\"sku-detail-title\">Especifica\u00e7\u00f5es do Fabricante<\/h2>\n<p>Marca: Nakata<\/p>\n<p>C\u00f3digo da Pe\u00e7a: NKF 3043CA<\/p>\n<p>NCM: 87083090<\/p>\n<p>Garantia: 3 Meses<\/p>\n<p>C\u00f3digo da Montadora:<\/p>\n<ul>\n<li><b>Citroen:<\/b>\u00a04241L7\/L6<\/li>\n<\/ul>\n<h3 class=\"application_make make\">CITROEN<\/h3>\n<ul class=\"applications_list citroen\">\n<li><b>C3 2013<\/b>\u00a0Compat\u00edvel com todas as vers\u00f5es<\/li>\n<li><b>C3 2014<\/b>\u00a0Compat\u00edvel com todas as vers\u00f5es<\/li>\n<li><b>C3 2015<\/b>\u00a0Compat\u00edvel com todas as vers\u00f5es<\/li>\n<li><b>C3 2016<\/b>\u00a0Compat\u00edvel com todas as vers\u00f5es<\/li>\n<\/ul>\n<h3 class=\"application_make make\">PEUGEOT<\/h3>\n<ul class=\"applications_list peugeot\">\n<li><b>208 2013<\/b>\u00a0Compat\u00edvel com todas as vers\u00f5es<\/li>\n<li><b>208 2014<\/b>\u00a0Compat\u00edvel com todas as vers\u00f5es<\/li>\n<li><b>208 2015<\/b>\u00a0Compat\u00edvel com todas as vers\u00f5es<\/li>\n<li><b>208 2016<\/b>\u00a0Compat\u00edvel com todas as vers\u00f5es<\/li>\n<\/ul>\n<\/div>\n<\/div>\n","protected":false},"excerpt":{"rendered":"<p>Sapata Freio Traseira Citroen C3 2013 a 2016 &#8211; Nakata NKF 3043CA &#8211; Par Descri\u00e7\u00e3o do Produto Sapata de Freio Especifica\u00e7\u00f5es do Fabricante Marca: Nakata C\u00f3digo da Pe\u00e7a: NKF 3043CA NCM: 87083090 Garantia: 3 Meses C\u00f3digo da Montadora: Citroen:\u00a04241L7\/L6 CITROEN C3 2013\u00a0Compat\u00edvel com todas as vers\u00f5es C3 2014\u00a0Compat\u00edvel com todas as vers\u00f5es C3 2015\u00a0Compat\u00edvel com &hellip;<\/p>\n<p class=\"read-more\"> <a class=\"\" href=\"https:\/\/joaopauloautopecas.com.br\/?product=sapata-freio-traseira-citroen-c3-2013-a-2016-nakata-nkf-3043ca-par\"> <span class=\"screen-reader-text\">Sapata Freio Traseira Citroen C3 2013 a 2016 &#8211; Nakata NKF 3043CA &#8211; Par<\/span> Leia mais &raquo;<\/a><\/p>\n","protected":false},"featured_media":9705,"comment_status":"open","ping_status":"closed","template":"","meta":{"site-sidebar-layout":"default","site-content-layout":"default","ast-main-header-display":"","ast-hfb-above-header-display":"","ast-hfb-below-header-display":"","ast-hfb-mobile-header-display":"","site-post-title":"","ast-breadcrumbs-content":"","ast-featured-img":"","footer-sml-layout":"","theme-transparent-header-meta":"","adv-header-id-meta":"","stick-header-meta":"","header-above-stick-meta":"","header-main-stick-meta":"","header-below-stick-meta":""},"product_cat":[92],"product_tag":[97,112,110],"class_list":{"0":"post-9704","1":"product","2":"type-product","3":"status-publish","4":"has-post-thumbnail","6":"product_cat-roda","7":"product_tag-freio","8":"product_tag-lona-freio","9":"product_tag-sapata-freio","11":"first","12":"instock","13":"shipping-taxable","14":"product-type-simple"},"_links":{"self":[{"href":"https:\/\/joaopauloautopecas.com.br\/index.php?rest_route=\/wp\/v2\/product\/9704","targetHints":{"allow":["GET"]}}],"collection":[{"href":"https:\/\/joaopauloautopecas.com.br\/index.php?rest_route=\/wp\/v2\/product"}],"about":[{"href":"https:\/\/joaopauloautopecas.com.br\/index.php?rest_route=\/wp\/v2\/types\/product"}],"replies":[{"embeddable":true,"href":"https:\/\/joaopauloautopecas.com.br\/index.php?rest_route=%2Fwp%2Fv2%2Fcomments&post=9704"}],"wp:featuredmedia":[{"embeddable":true,"href":"https:\/\/joaopauloautopecas.com.br\/index.php?rest_route=\/wp\/v2\/media\/9705"}],"wp:attachment":[{"href":"https:\/\/joaopauloautopecas.com.br\/index.php?rest_route=%2Fwp%2Fv2%2Fmedia&parent=9704"}],"wp:term":[{"taxonomy":"product_cat","embeddable":true,"href":"https:\/\/joaopauloautopecas.com.br\/index.php?rest_route=%2Fwp%2Fv2%2Fproduct_cat&post=9704"},{"taxonomy":"product_tag","embeddable":true,"href":"https:\/\/joaopauloautopecas.com.br\/index.php?rest_route=%2Fwp%2Fv2%2Fproduct_tag&post=9704"}],"curies":[{"name":"wp","href":"https:\/\/api.w.org\/{rel}","templated":true}]}}