{"id":503,"date":"2018-07-04T18:37:41","date_gmt":"2018-07-04T21:37:41","guid":{"rendered":"https:\/\/joaopauloautopecas.com.br\/?post_type=product&#038;p=503"},"modified":"2020-04-07T08:36:12","modified_gmt":"2020-04-07T11:36:12","slug":"caixa-de-direcao-fiat-uno-1993-a-2014-mecanica-nakata-ncd-10137-unitario","status":"publish","type":"product","link":"https:\/\/joaopauloautopecas.com.br\/?product=caixa-de-direcao-fiat-uno-1993-a-2014-mecanica-nakata-ncd-10137-unitario","title":{"rendered":"Caixa de Dire\u00e7\u00e3o Fiat Uno 1993 a 2014 Mec\u00e2nica &#8211; Nakata &#8211; NCD 10137 &#8211; Unit\u00e1rio"},"content":{"rendered":"<p>Caixa de Dire\u00e7\u00e3o Fiat Uno 1993 a 2014 Mec\u00e2nica &#8211; Nakata &#8211; NCD 10137 &#8211; Unit\u00e1rio<\/p>\n<div class=\"sku-description\">\n<h2 id=\"anchor-product-detail\" class=\"sku-detail-title\">Descri\u00e7\u00e3o do Produto<\/h2>\n<div class=\"wysiwyg-content\">Caixa de Dire\u00e7\u00e3o Mec\u00e2nica<\/div>\n<\/div>\n<div class=\"sku-specs\">\n<div class=\"manufacturer-specs\">\n<h2 class=\"sku-detail-title\">Especifica\u00e7\u00f5es do Fabricante<\/h2>\n<p>Marca: Nakata<\/p>\n<p>C\u00f3digo da Pe\u00e7a: NCD 10137<\/p>\n<p>NCM: 87089483<\/p>\n<p>Garantia: 12 Meses<\/p>\n<p>Posi\u00e7\u00e3o: Dianteira<\/p>\n<p>Linha: Leve<\/p>\n<div class=\"sku-bar-code\">\n<p class=\"bar-code-label\">C\u00f3digo de barras:<br \/>\n<span class=\"bar-code\">7892861518281<\/span><\/p>\n<h3 class=\"application_make make\">FIAT<\/h3>\n<ul class=\"applications_list fiat\">\n<li><b>ELBA 1993<\/b>\u00a0Compat\u00edvel com todas as vers\u00f5es<\/li>\n<li><b>ELBA 1994<\/b>\u00a0Compat\u00edvel com todas as vers\u00f5es<\/li>\n<li><b>ELBA 1995<\/b>\u00a0Compat\u00edvel com todas as vers\u00f5es<\/li>\n<li><b>ELBA 1996<\/b>\u00a0Compat\u00edvel com todas as vers\u00f5es<\/li>\n<li><b>FIORINO 1993<\/b>\u00a0Compat\u00edvel com todas as vers\u00f5es<\/li>\n<li><b>FIORINO 1994<\/b>\u00a0Compat\u00edvel com todas as vers\u00f5es<\/li>\n<li><b>FIORINO 1995<\/b>\u00a0Compat\u00edvel com todas as vers\u00f5es<\/li>\n<li><b>FIORINO 1996<\/b>\u00a0Compat\u00edvel com todas as vers\u00f5es<\/li>\n<li><b>FIORINO 1997<\/b>\u00a0Compat\u00edvel com todas as vers\u00f5es<\/li>\n<li><b>FIORINO 1998<\/b>\u00a0Compat\u00edvel com todas as vers\u00f5es<\/li>\n<li><b>FIORINO 1999<\/b>\u00a0Compat\u00edvel com todas as vers\u00f5es<\/li>\n<li><b>FIORINO 2000<\/b>\u00a0Compat\u00edvel com todas as vers\u00f5es<\/li>\n<li><b>FIORINO 2001<\/b>\u00a0Compat\u00edvel com todas as vers\u00f5es<\/li>\n<li><b>FIORINO 2002<\/b>\u00a0Compat\u00edvel com todas as vers\u00f5es<\/li>\n<li><b>FIORINO 2003<\/b>\u00a0Compat\u00edvel com todas as vers\u00f5es<\/li>\n<li><b>FIORINO 2004<\/b>\u00a0Compat\u00edvel com todas as vers\u00f5es<\/li>\n<li><b>FIORINO 2005<\/b>\u00a0Compat\u00edvel com todas as vers\u00f5es<\/li>\n<li><b>FIORINO 2006<\/b>\u00a0Compat\u00edvel com todas as vers\u00f5es<\/li>\n<li><b>FIORINO 2007<\/b>\u00a0Compat\u00edvel com todas as vers\u00f5es<\/li>\n<li><b>FIORINO 2008<\/b>\u00a0Compat\u00edvel com todas as vers\u00f5es<\/li>\n<li><b>FIORINO 2009<\/b>\u00a0Compat\u00edvel com todas as vers\u00f5es<\/li>\n<li><b>FIORINO 2010<\/b>\u00a0Compat\u00edvel com todas as vers\u00f5es<\/li>\n<li><b>FIORINO 2011<\/b>\u00a0Compat\u00edvel com todas as vers\u00f5es<\/li>\n<li><b>FIORINO 2012<\/b>\u00a0Compat\u00edvel com todas as vers\u00f5es<\/li>\n<li><b>FIORINO 2013<\/b>\u00a0Compat\u00edvel com todas as vers\u00f5es<\/li>\n<li><b>PR\u00caMIO 1993<\/b>\u00a0Compat\u00edvel com todas as vers\u00f5es<\/li>\n<li><b>PR\u00caMIO 1994<\/b>\u00a0Compat\u00edvel com todas as vers\u00f5es<\/li>\n<li><b>UNO 1993<\/b>\u00a0Compat\u00edvel com todas as vers\u00f5es<\/li>\n<li><b>UNO 1994<\/b>\u00a0Compat\u00edvel com todas as vers\u00f5es<\/li>\n<li><b>UNO 1995<\/b>\u00a0Compat\u00edvel com todas as vers\u00f5es<\/li>\n<li><b>UNO 1996<\/b>\u00a0Compat\u00edvel com todas as vers\u00f5es<\/li>\n<li><b>UNO 1997<\/b>\u00a0Compat\u00edvel com todas as vers\u00f5es<\/li>\n<li><b>UNO 1998<\/b>\u00a0Compat\u00edvel com todas as vers\u00f5es<\/li>\n<li><b>UNO 1999<\/b>\u00a0Compat\u00edvel com todas as vers\u00f5es<\/li>\n<li><b>UNO 2000<\/b>\u00a0Compat\u00edvel com todas as vers\u00f5es<\/li>\n<li><b>UNO 2001<\/b>\u00a0Compat\u00edvel com todas as vers\u00f5es<\/li>\n<li><b>UNO 2002<\/b>\u00a0Compat\u00edvel com todas as vers\u00f5es<\/li>\n<li><b>UNO 2003<\/b>\u00a0Compat\u00edvel com todas as vers\u00f5es<\/li>\n<li><b>UNO 2004<\/b>\u00a0Compat\u00edvel com todas as vers\u00f5es<\/li>\n<li><b>UNO 2005<\/b>\u00a0Compat\u00edvel com todas as vers\u00f5es<\/li>\n<li><b>UNO 2006<\/b>\u00a0Compat\u00edvel com todas as vers\u00f5es<\/li>\n<li><b>UNO 2007<\/b>\u00a0Compat\u00edvel com todas as vers\u00f5es<\/li>\n<li><b>UNO 2008<\/b>\u00a0Compat\u00edvel com todas as vers\u00f5es<\/li>\n<li><b>UNO 2009<\/b>\u00a0Compat\u00edvel com todas as vers\u00f5es<\/li>\n<li><b>UNO 2010<\/b>\u00a0Compat\u00edvel com todas as vers\u00f5es<\/li>\n<li><b>UNO 2011<\/b>\u00a0Compat\u00edvel com todas as vers\u00f5es<\/li>\n<li><b>UNO 2012<\/b>\u00a0Compat\u00edvel com todas as vers\u00f5es<\/li>\n<li><b>UNO 2013<\/b>\u00a0Compat\u00edvel com todas as vers\u00f5es<\/li>\n<li><b>UNO 2014<\/b>\u00a0Compat\u00edvel com todas as vers\u00f5es\n<div class=\"ast-oembed-container\"><iframe loading=\"lazy\" title=\"ALINHAMENTO E JUNTAS HOMOCIN\u00c9TICAS\" width=\"500\" height=\"281\" src=\"https:\/\/www.youtube.com\/embed\/Cqlo5Pd_9yA?feature=oembed\" frameborder=\"0\" allow=\"accelerometer; autoplay; clipboard-write; encrypted-media; gyroscope; picture-in-picture; web-share\" referrerpolicy=\"strict-origin-when-cross-origin\" allowfullscreen><\/iframe><\/div>\n<\/li>\n<\/ul>\n<\/div>\n<\/div>\n<\/div>\n","protected":false},"excerpt":{"rendered":"<p>Caixa de Dire\u00e7\u00e3o Fiat Uno 1993 a 2014 Mec\u00e2nica &#8211; Nakata &#8211; NCD 10137 &#8211; Unit\u00e1rio Descri\u00e7\u00e3o do Produto Caixa de Dire\u00e7\u00e3o Mec\u00e2nica Especifica\u00e7\u00f5es do Fabricante Marca: Nakata C\u00f3digo da Pe\u00e7a: NCD 10137 NCM: 87089483 Garantia: 12 Meses Posi\u00e7\u00e3o: Dianteira Linha: Leve C\u00f3digo de barras: 7892861518281 FIAT ELBA 1993\u00a0Compat\u00edvel com todas as vers\u00f5es ELBA 1994\u00a0Compat\u00edvel &hellip;<\/p>\n<p class=\"read-more\"> <a class=\"\" href=\"https:\/\/joaopauloautopecas.com.br\/?product=caixa-de-direcao-fiat-uno-1993-a-2014-mecanica-nakata-ncd-10137-unitario\"> <span class=\"screen-reader-text\">Caixa de Dire\u00e7\u00e3o Fiat Uno 1993 a 2014 Mec\u00e2nica &#8211; Nakata &#8211; NCD 10137 &#8211; Unit\u00e1rio<\/span> Leia mais &raquo;<\/a><\/p>\n","protected":false},"featured_media":504,"comment_status":"open","ping_status":"closed","template":"","meta":{"site-sidebar-layout":"default","site-content-layout":"default","ast-main-header-display":"","ast-hfb-above-header-display":"","ast-hfb-below-header-display":"","ast-hfb-mobile-header-display":"","site-post-title":"","ast-breadcrumbs-content":"","ast-featured-img":"","footer-sml-layout":"","theme-transparent-header-meta":"","adv-header-id-meta":"","stick-header-meta":"","header-above-stick-meta":"","header-main-stick-meta":"","header-below-stick-meta":""},"product_cat":[73],"product_tag":[90,76,88,74,91],"class_list":{"0":"post-503","1":"product","2":"type-product","3":"status-publish","4":"has-post-thumbnail","6":"product_cat-direcao","7":"product_tag-articulacao","8":"product_tag-bieleta","9":"product_tag-caixa-direcao","10":"product_tag-direcao","11":"product_tag-terminal-direcao","13":"first","14":"instock","15":"shipping-taxable","16":"product-type-simple"},"_links":{"self":[{"href":"https:\/\/joaopauloautopecas.com.br\/index.php?rest_route=\/wp\/v2\/product\/503","targetHints":{"allow":["GET"]}}],"collection":[{"href":"https:\/\/joaopauloautopecas.com.br\/index.php?rest_route=\/wp\/v2\/product"}],"about":[{"href":"https:\/\/joaopauloautopecas.com.br\/index.php?rest_route=\/wp\/v2\/types\/product"}],"replies":[{"embeddable":true,"href":"https:\/\/joaopauloautopecas.com.br\/index.php?rest_route=%2Fwp%2Fv2%2Fcomments&post=503"}],"wp:featuredmedia":[{"embeddable":true,"href":"https:\/\/joaopauloautopecas.com.br\/index.php?rest_route=\/wp\/v2\/media\/504"}],"wp:attachment":[{"href":"https:\/\/joaopauloautopecas.com.br\/index.php?rest_route=%2Fwp%2Fv2%2Fmedia&parent=503"}],"wp:term":[{"taxonomy":"product_cat","embeddable":true,"href":"https:\/\/joaopauloautopecas.com.br\/index.php?rest_route=%2Fwp%2Fv2%2Fproduct_cat&post=503"},{"taxonomy":"product_tag","embeddable":true,"href":"https:\/\/joaopauloautopecas.com.br\/index.php?rest_route=%2Fwp%2Fv2%2Fproduct_tag&post=503"}],"curies":[{"name":"wp","href":"https:\/\/api.w.org\/{rel}","templated":true}]}}