{"id":494,"date":"2018-07-04T18:00:36","date_gmt":"2018-07-04T21:00:36","guid":{"rendered":"https:\/\/joaopauloautopecas.com.br\/?post_type=product&#038;p=494"},"modified":"2020-04-07T08:36:33","modified_gmt":"2020-04-07T11:36:33","slug":"caixa-de-direcao-fiat-fiorino-1991-a-2002-mecanica-trw-15900rb136-unitario-remanufaturada","status":"publish","type":"product","link":"https:\/\/joaopauloautopecas.com.br\/?product=caixa-de-direcao-fiat-fiorino-1991-a-2002-mecanica-trw-15900rb136-unitario-remanufaturada","title":{"rendered":"Caixa de Dire\u00e7\u00e3o Fiat Fiorino 1991 a 2002 Mec\u00e2nica &#8211; TRW &#8211; 15900RB136 &#8211; Unit\u00e1rio Remanufaturada"},"content":{"rendered":"<p>Caixa de Dire\u00e7\u00e3o Mec\u00e2nica Fiat Fiorino 1991 a 2002- TRW &#8211; 15900RB136 &#8211; Unit\u00e1rio Remanufaturada<\/p>\n<div class=\"sku-description\">\n<h2 id=\"anchor-product-detail\" class=\"sku-detail-title\">Descri\u00e7\u00e3o do Produto<\/h2>\n<div class=\"wysiwyg-content\">Caixa Dire\u00e7\u00e3o Mec.Remanufaturado (Sem Terminais)<\/div>\n<\/div>\n<div class=\"sku-specs\">\n<div class=\"manufacturer-specs\">\n<h2 class=\"sku-detail-title\">Especifica\u00e7\u00f5es do Fabricante<\/h2>\n<p>Marca: TRW<\/p>\n<p>C\u00f3digo da Pe\u00e7a: 15900RB136<\/p>\n<p>Tipo: Remanufaturada<\/p>\n<p>Dire\u00e7\u00e3o: Mec\u00e2nica<\/p>\n<p>Posi\u00e7\u00e3o: Dianteira<\/p>\n<p>Composi\u00e7\u00e3o: sem Terminais<\/p>\n<\/div>\n<\/div>\n<div class=\"sku-dimensions\">\n<div class=\"product-infos\">\n<h2 class=\"sku-detail-title\">Compat\u00edvel com<\/h2>\n<h3 class=\"application_make make\">FIAT<\/h3>\n<ul class=\"applications_list fiat\">\n<li><b>ELBA 1989<\/b>\u00a01.5L 8V | 1.5L 8V<\/li>\n<li><b>ELBA 1990<\/b>\u00a01.5L 8V | 1.5L 8V<\/li>\n<li><b>ELBA 1991<\/b>\u00a01.5L 8V | 1.5L 8V | 1.6L 8V S|CS|CSL | 1.6L 8V S|CS|CSL<\/li>\n<li><b>ELBA 1992<\/b>\u00a01.5L 8V | 1.5L 8V | 1.5L 8V CSL I.E | 1.6L 8V S|CS|CSL | 1.6L 8V S|CS|CSL<\/li>\n<li><b>ELBA 1993<\/b>\u00a01.5L 8V | 1.5L 8V | 1.5L 8V CSL I.E | 1.5L 8V CSL I.E | 1.6L 8V INNOC CSL I.E | 1.6L 8V S|CS|CSL | 1.6L 8V S|CS|CSL<\/li>\n<li><b>ELBA 1994<\/b>\u00a01.5L 8V | 1.5L 8V CSL I.E | 1.5L 8V CSL I.E | 1.6L 8V INNOC CSL I.E | 1.6L 8V S|CS|CSL<\/li>\n<li><b>ELBA 1995<\/b>\u00a01.5L 8V CSL I.E | 1.5L 8V CSL I.E | 1.6L 8V INNOC CSL I.E | 1.6L 8V S|CS|CSL<\/li>\n<li><b>ELBA 1996<\/b>\u00a01.5L 8V CSL I.E | 1.5L 8V CSL I.E | 1.6L 8V INNOC CSL I.E | 1.6L 8V S|CS|CSL<\/li>\n<li><b>FIORINO 1991<\/b>\u00a01.6L 8V | 1.5L 8V | 1.5L 8V FURG|WORK|TREK | 1.6L 8V<\/li>\n<li><b>FIORINO 1992<\/b>\u00a01.6L 8V | 1.5L 8V | 1.5L 8V FURG|WORK|TREK | 1.6L 8V<\/li>\n<li><b>FIORINO 1993<\/b>\u00a01.6L 8V | 1.5L 8V | 1.5L 8V I.E | 1.0L 8V | 1.5L 8V FURG|WORK|TREK | 1.6L 8V | 1.6L 8V | 1.5L 8V FURG|WORK|TREK<\/li>\n<li><b>FIORINO 1994<\/b>\u00a01.6L 8V | 1.5L 8V | 1.5L 8V I.E | 1.0L 8V | 1.5L 8V FURG|WORK|TREK | 1.6L 8V | 1.5L 8V FURG|WORK|TREK<\/li>\n<li><b>FIORINO 1995<\/b>\u00a01.6L 8V | 1.5L 8V | 1.5L 8V I.E | 1.0L 8V | 1.5L 8V FURG|WORK|TREK | 1.5L 8V FURG|WORK|TREK<\/li>\n<li><b>FIORINO 1996<\/b>\u00a01.5L 8V | 1.5L 8V FURG|WORK|TREK | 1.5L 8V FURG|WORK|TREK<\/li>\n<li><b>FIORINO 1997<\/b>\u00a01.5L 8V FURG|WORK|TREK<\/li>\n<li><b>FIORINO 1998<\/b>\u00a01.5L 8V FURG|WORK|TREK<\/li>\n<li><b>FIORINO 1999<\/b>\u00a01.5L 8V FURG|WORK|TREK<\/li>\n<li><b>FIORINO 2000<\/b>\u00a01.5L 8V FURG|WORK|TREK<\/li>\n<li><b>FIORINO 2001<\/b>\u00a01.5L 8V FURG|WORK|TREK<\/li>\n<li><b>FIORINO 2002<\/b>\u00a01.5L 8V FURG|WORK|TREK<\/li>\n<li><b>PR\u00caMIO 1989<\/b>\u00a01.5L 8V CS | 1.5L 8V SL|CSL | 1.5L 8V SL|CLS | 1.5L 8V S|CS<\/li>\n<li><b>PR\u00caMIO 1990<\/b>\u00a01.5L 8V CS | 1.5L 8V SL|CSL | 1.5L 8V SL|CLS | 1.5L 8V S|CS<\/li>\n<li><b>PR\u00caMIO 1991<\/b>\u00a01.6L 8V CS | 1.5L 8V CS | 1.6L 8V CSL|SL | 1.6L 8V SL|CSL | 1.5L 8V SL|CSL | 1.5L 8V SL|CLS | 1.5L 8V S|CS<\/li>\n<li><b>PR\u00caMIO 1992<\/b>\u00a01.6L 8V CS | 1.5L 8V CS | 1.6L 8V CSL|SL | 1.5L 8V CS|SL I.E | 1.5L 8V S I.E | 1.6L 8V SL|CSL | 1.5L 8V SL|CSL | 1.5L 8V SL|CLS | 1.5L 8V S|CS<\/li>\n<li><b>PR\u00caMIO 1993<\/b>\u00a01.6L 8V CS | 1.5L 8V CS | 1.6L 8V CSL|SL | 1.5L 8V CS|SL I.E | 1.5L 8V CS I.E | 1.5L 8V S I.E | 1.6L 8V SL|CSL | 1.5L 8V SL|CSL | 1.5L 8V SL|CLS | 1.5L 8V S|CS<\/li>\n<li><b>PR\u00caMIO 1994<\/b>\u00a01.6L 8V CS | 1.6L 8V CSL|SL | 1.5L 8V CS|SL I.E | 1.5L 8V CS I.E | 1.5L 8V S I.E | 1.6L 8V SL|CSL<\/li>\n<\/ul>\n<\/div>\n<\/div>\n","protected":false},"excerpt":{"rendered":"<p>Caixa de Dire\u00e7\u00e3o Mec\u00e2nica Fiat Fiorino 1991 a 2002- TRW &#8211; 15900RB136 &#8211; Unit\u00e1rio Remanufaturada Descri\u00e7\u00e3o do Produto Caixa Dire\u00e7\u00e3o Mec.Remanufaturado (Sem Terminais) Especifica\u00e7\u00f5es do Fabricante Marca: TRW C\u00f3digo da Pe\u00e7a: 15900RB136 Tipo: Remanufaturada Dire\u00e7\u00e3o: Mec\u00e2nica Posi\u00e7\u00e3o: Dianteira Composi\u00e7\u00e3o: sem Terminais Compat\u00edvel com FIAT ELBA 1989\u00a01.5L 8V | 1.5L 8V ELBA 1990\u00a01.5L 8V | 1.5L &hellip;<\/p>\n<p class=\"read-more\"> <a class=\"\" href=\"https:\/\/joaopauloautopecas.com.br\/?product=caixa-de-direcao-fiat-fiorino-1991-a-2002-mecanica-trw-15900rb136-unitario-remanufaturada\"> <span class=\"screen-reader-text\">Caixa de Dire\u00e7\u00e3o Fiat Fiorino 1991 a 2002 Mec\u00e2nica &#8211; TRW &#8211; 15900RB136 &#8211; Unit\u00e1rio Remanufaturada<\/span> Leia mais &raquo;<\/a><\/p>\n","protected":false},"featured_media":495,"comment_status":"open","ping_status":"closed","template":"","meta":{"site-sidebar-layout":"default","site-content-layout":"default","ast-main-header-display":"","ast-hfb-above-header-display":"","ast-hfb-below-header-display":"","ast-hfb-mobile-header-display":"","site-post-title":"","ast-breadcrumbs-content":"","ast-featured-img":"","footer-sml-layout":"","theme-transparent-header-meta":"","adv-header-id-meta":"","stick-header-meta":"","header-above-stick-meta":"","header-main-stick-meta":"","header-below-stick-meta":""},"product_cat":[73],"product_tag":[90,89,88,74,91],"class_list":{"0":"post-494","1":"product","2":"type-product","3":"status-publish","4":"has-post-thumbnail","6":"product_cat-direcao","7":"product_tag-articulacao","8":"product_tag-braco-direcao","9":"product_tag-caixa-direcao","10":"product_tag-direcao","11":"product_tag-terminal-direcao","13":"first","14":"instock","15":"shipping-taxable","16":"product-type-simple"},"_links":{"self":[{"href":"https:\/\/joaopauloautopecas.com.br\/index.php?rest_route=\/wp\/v2\/product\/494","targetHints":{"allow":["GET"]}}],"collection":[{"href":"https:\/\/joaopauloautopecas.com.br\/index.php?rest_route=\/wp\/v2\/product"}],"about":[{"href":"https:\/\/joaopauloautopecas.com.br\/index.php?rest_route=\/wp\/v2\/types\/product"}],"replies":[{"embeddable":true,"href":"https:\/\/joaopauloautopecas.com.br\/index.php?rest_route=%2Fwp%2Fv2%2Fcomments&post=494"}],"wp:featuredmedia":[{"embeddable":true,"href":"https:\/\/joaopauloautopecas.com.br\/index.php?rest_route=\/wp\/v2\/media\/495"}],"wp:attachment":[{"href":"https:\/\/joaopauloautopecas.com.br\/index.php?rest_route=%2Fwp%2Fv2%2Fmedia&parent=494"}],"wp:term":[{"taxonomy":"product_cat","embeddable":true,"href":"https:\/\/joaopauloautopecas.com.br\/index.php?rest_route=%2Fwp%2Fv2%2Fproduct_cat&post=494"},{"taxonomy":"product_tag","embeddable":true,"href":"https:\/\/joaopauloautopecas.com.br\/index.php?rest_route=%2Fwp%2Fv2%2Fproduct_tag&post=494"}],"curies":[{"name":"wp","href":"https:\/\/api.w.org\/{rel}","templated":true}]}}