{"id":1562,"date":"2018-08-02T14:41:03","date_gmt":"2018-08-02T17:41:03","guid":{"rendered":"https:\/\/joaopauloautopecas.com.br\/?post_type=product&#038;p=1562"},"modified":"2020-04-07T09:00:55","modified_gmt":"2020-04-07T12:00:55","slug":"kit-de-rolamento-de-roda-traseira-c-cubo-fiat-palio-2003-a-2014-skf-vkba-4625-a-unitario","status":"publish","type":"product","link":"https:\/\/joaopauloautopecas.com.br\/?product=kit-de-rolamento-de-roda-traseira-c-cubo-fiat-palio-2003-a-2014-skf-vkba-4625-a-unitario","title":{"rendered":"Kit de Rolamento de Roda Traseira C\/ Cubo Fiat Palio 2003 a 2014 &#8211; SKF &#8211; VKBA 4625 A &#8211; Unit\u00e1rio"},"content":{"rendered":"<h3>Kit de Rolamento de Roda Traseira C\/ Cubo Fiat Palio 2003 a 2014 &#8211; SKF &#8211; VKBA 4625 A &#8211; Unit\u00e1rio<\/h3>\n<div class=\"sku-description\">\n<h2 id=\"anchor-product-detail\" class=\"sku-detail-title\">Descri\u00e7\u00e3o do Produto<\/h2>\n<div class=\"wysiwyg-content\">A SKF \u00e9 fornecedor de rolamentos para as principais montadoras globais. Os SKF rolamentos passam por r\u00edgidos testes de performance e durabilidade atendendo as exig\u00eancias das montadoras e do mercado de reposi\u00e7\u00e3o automotiva. Recomenda-se a inspe\u00e7\u00e3o dos rolamentos a cada 10.000km e sua substitui\u00e7\u00e3o a cada 70.000km.<\/div>\n<\/div>\n<div class=\"sku-specs\">\n<div class=\"manufacturer-specs\">\n<h2 class=\"sku-detail-title\">Especifica\u00e7\u00f5es do Fabricante<\/h2>\n<p>Marca: SKF<\/p>\n<p>C\u00f3digo da Pe\u00e7a: VKBA 4625 A<\/p>\n<p>NCM: 8708.70.90<\/p>\n<p>Garantia: 06 meses<\/p>\n<p>Lado: Roda<\/p>\n<p>Posi\u00e7\u00e3o: Traseira<\/p>\n<p>Caracter\u00edsticas: Caracter\u00edsticas: Eixo traseiro<\/p>\n<div class=\"sku-bar-code\">\n<p class=\"bar-code-label\">C\u00f3digo de barras:<br \/>\n<span class=\"bar-code\">7316574059928<\/span><\/p>\n<h3 class=\"application_make make\">FIAT<\/h3>\n<ul class=\"applications_list fiat\">\n<li><b>147 1977<\/b>\u00a01050 SEM ABS PICK-UP | 1050 SEM ABS | 1.3 SEM ABS PICK-UP | 1.3 SEM ABS<\/li>\n<li><b>147 1978<\/b>\u00a01050 SEM ABS PICK-UP | 1050 SEM ABS | 1.3 SEM ABS PICK-UP | 1.3 SEM ABS<\/li>\n<li><b>147 1979<\/b>\u00a01050 SEM ABS PICK-UP | 1050 SEM ABS | 1.3 SEM ABS PICK-UP | 1.3 SEM ABS<\/li>\n<li><b>147 1980<\/b>\u00a01050 SEM ABS PICK-UP | 1050 SEM ABS | 1.3 SEM ABS PICK-UP | 1.3 SEM ABS<\/li>\n<li><b>147 1981<\/b>\u00a01050 SEM ABS PICK-UP | 1050 SEM ABS | 1.3 SEM ABS PICK-UP | 1.3 SEM ABS<\/li>\n<li><b>147 1982<\/b>\u00a01050 SEM ABS PICK-UP | 1050 SEM ABS | 1.3 SEM ABS PICK-UP | 1.3 SEM ABS<\/li>\n<li><b>147 1983<\/b>\u00a01050 SEM ABS PICK-UP | 1050 SEM ABS | 1.3 SEM ABS PICK-UP | 1.3 SEM ABS<\/li>\n<li><b>147 1984<\/b>\u00a01050 SEM ABS PICK-UP | 1050 SEM ABS | 1.3 SEM ABS PICK-UP | 1.3 SEM ABS<\/li>\n<li><b>147 1985<\/b>\u00a01050 SEM ABS PICK-UP | 1050 SEM ABS | 1.3 SEM ABS PICK-UP | 1.3 SEM ABS<\/li>\n<li><b>147 1986<\/b>\u00a01050 SEM ABS PICK-UP | 1050 SEM ABS | 1.3 SEM ABS PICK-UP | 1.3 SEM ABS<\/li>\n<li><b>147 1987<\/b>\u00a01050 SEM ABS PICK-UP | 1.3 SEM ABS PICK-UP<\/li>\n<li><b>OGGI 1983<\/b>\u00a01.3 8V SEM ABS<\/li>\n<li><b>OGGI 1984<\/b>\u00a01.3 8V SEM ABS<\/li>\n<li><b>OGGI 1985<\/b>\u00a01.3 8V SEM ABS<\/li>\n<li><b>PALIO 2003<\/b>\u00a01.3 8V SEM ABS | 1.0 8V | 16V SEM ABS | 1.8 8V SEM ABS | 1.6 8V | 16V SEM ABS | 1.4 8V SEM ABS<\/li>\n<li><b>PALIO 2004<\/b>\u00a01.3 8V SEM ABS | 1.0 8V | 16V SEM ABS | 1.8 8V SEM ABS | 1.6 8V | 16V SEM ABS | 1.4 8V SEM ABS<\/li>\n<li><b>PALIO 2005<\/b>\u00a01.3 8V SEM ABS | 1.0 8V | 16V SEM ABS | 1.8 8V SEM ABS | 1.6 8V | 16V SEM ABS | 1.4 8V SEM ABS<\/li>\n<li><b>PALIO 2006<\/b>\u00a01.3 8V SEM ABS | 1.0 8V | 16V SEM ABS | 1.8 8V SEM ABS | 1.6 8V | 16V SEM ABS | 1.4 8V SEM ABS<\/li>\n<li><b>PALIO 2007<\/b>\u00a01.0 8V | 16V SEM ABS | 1.8 8V SEM ABS | 1.6 8V | 16V SEM ABS<\/li>\n<li><b>PALIO 2008<\/b>\u00a01.0 8V | 16V SEM ABS | 1.8 8V SEM ABS | 1.6 8V | 16V SEM ABS<\/li>\n<li><b>PALIO 2009<\/b>\u00a01.0 8V | 16V SEM ABS | 1.8 8V SEM ABS | 1.6 8V | 16V SEM ABS<\/li>\n<li><b>PALIO 2010<\/b>\u00a01.0 8V | 16V SEM ABS | 1.8 8V SEM ABS | 1.6 8V | 16V SEM ABS<\/li>\n<li><b>PALIO 2011<\/b>\u00a01.0 8V | 16V SEM ABS | 1.8 8V SEM ABS | 1.6 8V | 16V SEM ABS<\/li>\n<li><b>PALIO 2012<\/b>\u00a01.0 8V | 16V SEM ABS | 1.8 8V SEM ABS | 1.6 8V | 16V SEM ABS<\/li>\n<li><b>PALIO 2013<\/b>\u00a01.0 8V | 16V SEM ABS | 1.8 8V SEM ABS | 1.6 8V | 16V SEM ABS<\/li>\n<li><b>PALIO 2014<\/b>\u00a01.0 8V | 16V SEM ABS | 1.8 8V SEM ABS | 1.6 8V | 16V SEM ABS<\/li>\n<li><b>PANORAMA 1983<\/b>\u00a01.3 8V SEM ABS<\/li>\n<li><b>PANORAMA 1984<\/b>\u00a01.3 8V SEM ABS<\/li>\n<li><b>PANORAMA 1985<\/b>\u00a01.3 8V SEM ABS<\/li>\n<li><b>PR\u00caMIO 1985<\/b>\u00a01.6 8V SEM ABS | 1.5 8V SEM ABS | 1.3 8V SEM ABS<\/li>\n<li><b>PR\u00caMIO 1986<\/b>\u00a01.6 8V SEM ABS | 1.5 8V SEM ABS | 1.3 8V SEM ABS<\/li>\n<li><b>PR\u00caMIO 1987<\/b>\u00a01.6 8V SEM ABS | 1.5 8V SEM ABS | 1.3 8V SEM ABS<\/li>\n<li><b>PR\u00caMIO 1988<\/b>\u00a01.6 8V SEM ABS | 1.5 8V SEM ABS | 1.3 8V SEM ABS<\/li>\n<li><b>PR\u00caMIO 1989<\/b>\u00a01.6 8V SEM ABS | 1.5 8V SEM ABS | 1.3 8V SEM ABS<\/li>\n<li><b>PR\u00caMIO 1990<\/b>\u00a01.6 8V SEM ABS | 1.5 8V SEM ABS | 1.3 8V SEM ABS<\/li>\n<li><b>PR\u00caMIO 1991<\/b>\u00a01.6 8V SEM ABS | 1.5 8V SEM ABS | 1.3 8V SEM ABS<\/li>\n<li><b>PR\u00caMIO 1992<\/b>\u00a01.6 8V SEM ABS | 1.5 8V SEM ABS<\/li>\n<li><b>PR\u00caMIO 1993<\/b>\u00a01.6 8V SEM ABS | 1.5 8V SEM ABS<\/li>\n<li><b>PR\u00caMIO 1994<\/b>\u00a01.6 8V SEM ABS | 1.5 8V SEM ABS<\/li>\n<li><b>PR\u00caMIO 1995<\/b>\u00a01.6 8V SEM ABS | 1.5 8V SEM ABS<\/li>\n<li><b>PR\u00caMIO 1996<\/b>\u00a01.6 8V SEM ABS<\/li>\n<li><b>SIENA 2003<\/b>\u00a01.3 8V SEM ABS | 1.0 8V | 16V SEM ABS | 1.8 8V SEM ABS | 1.6 8V | 16V SEM ABS | 1.5 8V SEM ABS<\/li>\n<li><b>SIENA 2004<\/b>\u00a01.3 8V SEM ABS | 1.0 8V | 16V SEM ABS | 1.8 8V SEM ABS | 1.6 8V | 16V SEM ABS | 1.5 8V SEM ABS<\/li>\n<li><b>SIENA 2005<\/b>\u00a01.3 8V SEM ABS | 1.0 8V | 16V SEM ABS | 1.8 8V SEM ABS | 1.6 8V | 16V SEM ABS<\/li>\n<li><b>SIENA 2006<\/b>\u00a01.0 8V | 16V SEM ABS | 1.8 8V SEM ABS | 1.6 8V | 16V SEM ABS<\/li>\n<li><b>SIENA 2007<\/b>\u00a01.0 8V | 16V SEM ABS | 1.8 8V SEM ABS | 1.6 8V | 16V SEM ABS<\/li>\n<li><b>SIENA 2008<\/b>\u00a01.0 8V | 16V SEM ABS | 1.8 8V SEM ABS | 1.6 8V | 16V SEM ABS<\/li>\n<li><b>SIENA 2009<\/b>\u00a01.0 8V | 16V SEM ABS | 1.8 8V SEM ABS | 1.6 8V | 16V SEM ABS<\/li>\n<li><b>SIENA 2010<\/b>\u00a01.0 8V | 16V SEM ABS | 1.8 8V SEM ABS | 1.6 8V | 16V SEM ABS<\/li>\n<li><b>SIENA 2011<\/b>\u00a01.0 8V | 16V SEM ABS | 1.6 8V | 16V SEM ABS<\/li>\n<li><b>SIENA 2012<\/b>\u00a01.0 8V | 16V SEM ABS | 1.6 8V | 16V SEM ABS<\/li>\n<li><b>SIENA 2013<\/b>\u00a01.0 8V | 16V SEM ABS | 1.6 8V | 16V SEM ABS<\/li>\n<li><b>SIENA 2014<\/b>\u00a01.0 8V | 16V SEM ABS<\/li>\n<li><b>SPAZIO 1983<\/b>\u00a01.3 8V SEM ABS<\/li>\n<li><b>SPAZIO 1984<\/b>\u00a01.3 8V SEM ABS<\/li>\n<li><b>UNO 1984<\/b>\u00a01.5 SEM ABS | 1.3 SEM ABS | 1.6 SEM ABS<\/li>\n<li><b>UNO 1985<\/b>\u00a01.5 SEM ABS | 1.3 SEM ABS | 1.0 SEM ABS | 1.6 SEM ABS<\/li>\n<li><b>UNO 1986<\/b>\u00a01.5 SEM ABS | 1.3 SEM ABS | 1.0 SEM ABS | 1.6 SEM ABS<\/li>\n<li><b>UNO 1987<\/b>\u00a01.5 SEM ABS | 1.3 SEM ABS | 1.0 SEM ABS | 1.6 SEM ABS<\/li>\n<li><b>UNO 1988<\/b>\u00a01.5 SEM ABS | 1.3 SEM ABS | 1.0 SEM ABS | 1.6 SEM ABS<\/li>\n<li><b>UNO 1989<\/b>\u00a01.5 SEM ABS | 1.3 SEM ABS | 1.0 SEM ABS | 1.6 SEM ABS<\/li>\n<li><b>UNO 1990<\/b>\u00a01.5 SEM ABS | 1.3 SEM ABS | 1.0 SEM ABS | 1.6 SEM ABS<\/li>\n<li><b>UNO 1991<\/b>\u00a01.5 SEM ABS | 1.3 SEM ABS | 1.0 SEM ABS | 1.6 SEM ABS<\/li>\n<li><b>UNO 1992<\/b>\u00a01.5 SEM ABS | 1.3 SEM ABS | 1.0 SEM ABS | 1.6 SEM ABS<\/li>\n<li><b>UNO 1993<\/b>\u00a01.5 SEM ABS | 1.4 SEM ABS | 1.3 SEM ABS | 1.0 SEM ABS | 1.6 SEM ABS<\/li>\n<li><b>UNO 1994<\/b>\u00a01.5 SEM ABS | 1.4 SEM ABS | 1.3 SEM ABS | 1.0 SEM ABS | 1.6 SEM ABS<\/li>\n<li><b>UNO 1995<\/b>\u00a01.5 SEM ABS | 1.4 SEM ABS | 1.3 SEM ABS | 1.0 SEM ABS | 1.6 SEM ABS<\/li>\n<li><b>UNO 1996<\/b>\u00a01.5 SEM ABS | 1.4 SEM ABS | 1.3 SEM ABS | 1.0 SEM ABS | 1.6 SEM ABS<\/li>\n<li><b>UNO 1997<\/b>\u00a01.5 SEM ABS | 1.4 SEM ABS | 1.3 SEM ABS | 1.0 SEM ABS | 1.6 SEM ABS<\/li>\n<li><b>UNO 1998<\/b>\u00a01.5 SEM ABS | 1.4 SEM ABS | 1.3 SEM ABS | 1.0 SEM ABS<\/li>\n<li><b>UNO 1999<\/b>\u00a01.5 SEM ABS | 1.4 SEM ABS | 1.3 SEM ABS | 1.0 SEM ABS<\/li>\n<li><b>UNO 2000<\/b>\u00a01.5 SEM ABS | 1.4 SEM ABS | 1.3 SEM ABS | 1.0 SEM ABS<\/li>\n<li><b>UNO 2001<\/b>\u00a01.5 SEM ABS | 1.4 SEM ABS | 1.3 SEM ABS | 1.0 SEM ABS<\/li>\n<li><b>UNO 2002<\/b>\u00a01.5 SEM ABS | 1.4 SEM ABS | 1.3 SEM ABS | 1.0 SEM ABS<\/li>\n<li><b>UNO 2003<\/b>\u00a01.5 SEM ABS | 1.4 SEM ABS | 1.3 SEM ABS | 1.0 SEM ABS<\/li>\n<li><b>UNO 2004<\/b>\u00a01.5 SEM ABS | 1.4 SEM ABS | 1.3 SEM ABS | 1.0 SEM ABS<\/li>\n<li><b>UNO 2005<\/b>\u00a01.4 SEM ABS | 1.3 SEM ABS | 1.0 SEM ABS<\/li>\n<li><b>UNO 2006<\/b>\u00a01.4 SEM ABS | 1.3 SEM ABS | 1.0 SEM ABS<\/li>\n<li><b>UNO 2007<\/b>\u00a01.4 SEM ABS | 1.3 SEM ABS | 1.0 SEM ABS<\/li>\n<li><b>UNO 2008<\/b>\u00a01.4 SEM ABS | 1.3 SEM ABS | 1.0 SEM ABS<\/li>\n<li><b>UNO 2009<\/b>\u00a01.4 SEM ABS | 1.3 SEM ABS | 1.0 SEM ABS<\/li>\n<li><b>UNO 2010<\/b>\u00a01.4 SEM ABS | 1.3 SEM ABS | 1.0 SEM ABS<\/li>\n<li><b>UNO 2011<\/b>\u00a01.4 SEM ABS | 1.3 SEM ABS | 1.0 SEM ABS<\/li>\n<li><b>UNO 2012<\/b>\u00a01.4 SEM ABS | 1.3 SEM ABS | 1.0 SEM ABS<\/li>\n<li><b>UNO 2013<\/b>\u00a01.4 SEM ABS | 1.3 SEM ABS | 1.0 SEM ABS<\/li>\n<li><b>UNO 2014<\/b>\u00a01.4 SEM ABS | 1.0 SEM ABS<\/li>\n<\/ul>\n<\/div>\n<\/div>\n<\/div>\n","protected":false},"excerpt":{"rendered":"<p>Kit de Rolamento de Roda Traseira C\/ Cubo Fiat Palio 2003 a 2014 &#8211; SKF &#8211; VKBA 4625 A &#8211; Unit\u00e1rio Descri\u00e7\u00e3o do Produto A SKF \u00e9 fornecedor de rolamentos para as principais montadoras globais. Os SKF rolamentos passam por r\u00edgidos testes de performance e durabilidade atendendo as exig\u00eancias das montadoras e do mercado de &hellip;<\/p>\n<p class=\"read-more\"> <a class=\"\" href=\"https:\/\/joaopauloautopecas.com.br\/?product=kit-de-rolamento-de-roda-traseira-c-cubo-fiat-palio-2003-a-2014-skf-vkba-4625-a-unitario\"> <span class=\"screen-reader-text\">Kit de Rolamento de Roda Traseira C\/ Cubo Fiat Palio 2003 a 2014 &#8211; SKF &#8211; VKBA 4625 A &#8211; Unit\u00e1rio<\/span> Leia mais &raquo;<\/a><\/p>\n","protected":false},"featured_media":1563,"comment_status":"open","ping_status":"closed","template":"","meta":{"site-sidebar-layout":"default","site-content-layout":"default","ast-main-header-display":"","ast-hfb-above-header-display":"","ast-hfb-below-header-display":"","ast-hfb-mobile-header-display":"","site-post-title":"","ast-breadcrumbs-content":"","ast-featured-img":"","footer-sml-layout":"","theme-transparent-header-meta":"","adv-header-id-meta":"","stick-header-meta":"","header-above-stick-meta":"","header-main-stick-meta":"","header-below-stick-meta":""},"product_cat":[92],"product_tag":[96,210,212,211,93,209],"class_list":{"0":"post-1562","1":"product","2":"type-product","3":"status-publish","4":"has-post-thumbnail","6":"product_cat-roda","7":"product_tag-cubo-de-roda","8":"product_tag-cubo-de-roda-dianteira","9":"product_tag-cubo-de-roda-traseira","10":"product_tag-kit-rolamento-roda-traseira","11":"product_tag-roda","12":"product_tag-rolamento-roda-dianteira","14":"first","15":"instock","16":"shipping-taxable","17":"product-type-simple"},"_links":{"self":[{"href":"https:\/\/joaopauloautopecas.com.br\/index.php?rest_route=\/wp\/v2\/product\/1562","targetHints":{"allow":["GET"]}}],"collection":[{"href":"https:\/\/joaopauloautopecas.com.br\/index.php?rest_route=\/wp\/v2\/product"}],"about":[{"href":"https:\/\/joaopauloautopecas.com.br\/index.php?rest_route=\/wp\/v2\/types\/product"}],"replies":[{"embeddable":true,"href":"https:\/\/joaopauloautopecas.com.br\/index.php?rest_route=%2Fwp%2Fv2%2Fcomments&post=1562"}],"wp:featuredmedia":[{"embeddable":true,"href":"https:\/\/joaopauloautopecas.com.br\/index.php?rest_route=\/wp\/v2\/media\/1563"}],"wp:attachment":[{"href":"https:\/\/joaopauloautopecas.com.br\/index.php?rest_route=%2Fwp%2Fv2%2Fmedia&parent=1562"}],"wp:term":[{"taxonomy":"product_cat","embeddable":true,"href":"https:\/\/joaopauloautopecas.com.br\/index.php?rest_route=%2Fwp%2Fv2%2Fproduct_cat&post=1562"},{"taxonomy":"product_tag","embeddable":true,"href":"https:\/\/joaopauloautopecas.com.br\/index.php?rest_route=%2Fwp%2Fv2%2Fproduct_tag&post=1562"}],"curies":[{"name":"wp","href":"https:\/\/api.w.org\/{rel}","templated":true}]}}