{"id":1482,"date":"2018-08-01T09:34:50","date_gmt":"2018-08-01T12:34:50","guid":{"rendered":"https:\/\/joaopauloautopecas.com.br\/?post_type=product&#038;p=1482"},"modified":"2020-04-07T08:56:05","modified_gmt":"2020-04-07T11:56:05","slug":"tensionador-da-correia-dentada-fiat-uno-1-0-8v-fire-2001-a-2008-gates-t42125-unitario","status":"publish","type":"product","link":"https:\/\/joaopauloautopecas.com.br\/?product=tensionador-da-correia-dentada-fiat-uno-1-0-8v-fire-2001-a-2008-gates-t42125-unitario","title":{"rendered":"Tensionador da Correia Dentada Fiat Uno 1.0 8V Fire 2001 a 2008- Gates &#8211; T42125 &#8211; Unit\u00e1rio"},"content":{"rendered":"<div class=\"sku-description\">\n<h2>Tensionador da Correia Dentada Fiat Uno 1.0 8V Fire 2001 a 2008- Gates &#8211; T42125 &#8211; Unit\u00e1rio<\/h2>\n<h2 id=\"anchor-product-detail\" class=\"sku-detail-title\">Descri\u00e7\u00e3o do Produto<\/h2>\n<div class=\"wysiwyg-content\">Tensionador da Correia Dentada<\/div>\n<\/div>\n<div class=\"sku-specs\">\n<div class=\"manufacturer-specs\">\n<h2 class=\"sku-detail-title\">Especifica\u00e7\u00f5es do Fabricante<\/h2>\n<p>Marca: Gates<\/p>\n<p>C\u00f3digo da Pe\u00e7a: T42125<\/p>\n<p>Linha: Leve<\/p>\n<p>Fiat: Fiorino 1.3 \/ 1.4 8V Fire 2001 at\u00e9 2008<br \/>\nFiat: Idea 1.4 8V Fire 2001 at\u00e9 2008<br \/>\nFiat: Palio \/ Palio Weekend 1.0 \/ 1.3 \/ 1.4 8V Fire 2001 at\u00e9 2008<br \/>\nFiat: Siena 1.0 \/ 1.3 \/ 1.4 8V Fire 2001 at\u00e9 2008<br \/>\nFiat: Strada 1.3 \/ 1.4 8V Fire 2001 at\u00e9 2008<br \/>\nFiat: Uno 1.0 \/ 1.3 8V Fire 2001 at\u00e9 2008<\/p>\n<p>C\u00f3digo de convers\u00e3o (c\u00f3digo de outras marcas para a mesma aplica\u00e7\u00e3o)<\/p>\n<p>46736886 (ORIGINAL)<br \/>\n7741 (NYTRON)<br \/>\nDYT231 (DAYCO ANTIGO)<br \/>\nATB2576 (DAYCO NOVO)<br \/>\nF-110806.09 (INA)<br \/>\nVKM 12299 (SKF)<\/p>\n<\/div>\n<\/div>\n","protected":false},"excerpt":{"rendered":"<p>Tensionador da Correia Dentada Fiat Uno 1.0 8V Fire 2001 a 2008- Gates &#8211; T42125 &#8211; Unit\u00e1rio Descri\u00e7\u00e3o do Produto Tensionador da Correia Dentada Especifica\u00e7\u00f5es do Fabricante Marca: Gates C\u00f3digo da Pe\u00e7a: T42125 Linha: Leve Fiat: Fiorino 1.3 \/ 1.4 8V Fire 2001 at\u00e9 2008 Fiat: Idea 1.4 8V Fire 2001 at\u00e9 2008 Fiat: Palio &hellip;<\/p>\n<p class=\"read-more\"> <a class=\"\" href=\"https:\/\/joaopauloautopecas.com.br\/?product=tensionador-da-correia-dentada-fiat-uno-1-0-8v-fire-2001-a-2008-gates-t42125-unitario\"> <span class=\"screen-reader-text\">Tensionador da Correia Dentada Fiat Uno 1.0 8V Fire 2001 a 2008- Gates &#8211; T42125 &#8211; Unit\u00e1rio<\/span> Leia mais &raquo;<\/a><\/p>\n","protected":false},"featured_media":1484,"comment_status":"open","ping_status":"closed","template":"","meta":{"site-sidebar-layout":"default","site-content-layout":"default","ast-main-header-display":"","ast-hfb-above-header-display":"","ast-hfb-below-header-display":"","ast-hfb-mobile-header-display":"","site-post-title":"","ast-breadcrumbs-content":"","ast-featured-img":"","footer-sml-layout":"","theme-transparent-header-meta":"","adv-header-id-meta":"","stick-header-meta":"","header-above-stick-meta":"","header-main-stick-meta":"","header-below-stick-meta":""},"product_cat":[81],"product_tag":[176,175,178,179,94,184,185],"class_list":{"0":"post-1482","1":"product","2":"type-product","3":"status-publish","4":"has-post-thumbnail","6":"product_cat-motor","7":"product_tag-correia","8":"product_tag-correia-alternador","9":"product_tag-correia-dentada","10":"product_tag-kit-correia-dentada","11":"product_tag-rolamento","12":"product_tag-rolamento-tensor-correia-dentada","13":"product_tag-tensor","15":"first","16":"instock","17":"shipping-taxable","18":"product-type-simple"},"_links":{"self":[{"href":"https:\/\/joaopauloautopecas.com.br\/index.php?rest_route=\/wp\/v2\/product\/1482","targetHints":{"allow":["GET"]}}],"collection":[{"href":"https:\/\/joaopauloautopecas.com.br\/index.php?rest_route=\/wp\/v2\/product"}],"about":[{"href":"https:\/\/joaopauloautopecas.com.br\/index.php?rest_route=\/wp\/v2\/types\/product"}],"replies":[{"embeddable":true,"href":"https:\/\/joaopauloautopecas.com.br\/index.php?rest_route=%2Fwp%2Fv2%2Fcomments&post=1482"}],"wp:featuredmedia":[{"embeddable":true,"href":"https:\/\/joaopauloautopecas.com.br\/index.php?rest_route=\/wp\/v2\/media\/1484"}],"wp:attachment":[{"href":"https:\/\/joaopauloautopecas.com.br\/index.php?rest_route=%2Fwp%2Fv2%2Fmedia&parent=1482"}],"wp:term":[{"taxonomy":"product_cat","embeddable":true,"href":"https:\/\/joaopauloautopecas.com.br\/index.php?rest_route=%2Fwp%2Fv2%2Fproduct_cat&post=1482"},{"taxonomy":"product_tag","embeddable":true,"href":"https:\/\/joaopauloautopecas.com.br\/index.php?rest_route=%2Fwp%2Fv2%2Fproduct_tag&post=1482"}],"curies":[{"name":"wp","href":"https:\/\/api.w.org\/{rel}","templated":true}]}}