{"id":1302,"date":"2018-07-25T14:49:42","date_gmt":"2018-07-25T17:49:42","guid":{"rendered":"https:\/\/joaopauloautopecas.com.br\/?post_type=product&#038;p=1302"},"modified":"2020-04-07T08:50:37","modified_gmt":"2020-04-07T11:50:37","slug":"jogo-de-juntas-do-cambio-fiat-uno-1984-a-2013-5-marchas-sem-retentores-sabo-51580f-unitario","status":"publish","type":"product","link":"https:\/\/joaopauloautopecas.com.br\/?product=jogo-de-juntas-do-cambio-fiat-uno-1984-a-2013-5-marchas-sem-retentores-sabo-51580f-unitario","title":{"rendered":"Jogo de Juntas do C\u00e2mbio Fiat Uno 1984 a 2013 5 Marchas &#8211; sem Retentores &#8211; Sab\u00f3 &#8211; 51580F &#8211; Unit\u00e1rio"},"content":{"rendered":"<p>Jogo de Juntas do C\u00e2mbio Fiat Uno 1984 a 2013 5 Marchas &#8211; sem Retentores &#8211; Sab\u00f3 &#8211; 51580F &#8211; Unit\u00e1rio<\/p>\n<p>Fiat 147, Fiorino, Oggi, Uno, Premio, Elba.<\/p>\n<h2 class=\"sku-detail-title\">Especifica\u00e7\u00f5es do Fabricante<\/h2>\n<p>Marca: Sab\u00f3<\/p>\n<p>C\u00f3digo da Pe\u00e7a: 51580F<\/p>\n<p>NCM: 8484.90.00<\/p>\n<div class=\"sku-bar-code\">\n<p class=\"bar-code-label\">C\u00f3digo de barras:<br \/>\n<span class=\"bar-code\">7891252074597<\/span><\/p>\n<p>&nbsp;<\/p>\n<\/div>\n","protected":false},"excerpt":{"rendered":"<p>Jogo de Juntas do C\u00e2mbio Fiat Uno 1984 a 2013 5 Marchas &#8211; sem Retentores &#8211; Sab\u00f3 &#8211; 51580F &#8211; Unit\u00e1rio Fiat 147, Fiorino, Oggi, Uno, Premio, Elba. Especifica\u00e7\u00f5es do Fabricante Marca: Sab\u00f3 C\u00f3digo da Pe\u00e7a: 51580F NCM: 8484.90.00 C\u00f3digo de barras: 7891252074597 &nbsp;<\/p>\n","protected":false},"featured_media":1303,"comment_status":"open","ping_status":"closed","template":"","meta":{"site-sidebar-layout":"default","site-content-layout":"default","ast-main-header-display":"","ast-hfb-above-header-display":"","ast-hfb-below-header-display":"","ast-hfb-mobile-header-display":"","site-post-title":"","ast-breadcrumbs-content":"","ast-featured-img":"","footer-sml-layout":"","theme-transparent-header-meta":"","adv-header-id-meta":"","stick-header-meta":"","header-above-stick-meta":"","header-main-stick-meta":"","header-below-stick-meta":""},"product_cat":[81],"product_tag":[146,156,155,157,83],"class_list":{"0":"post-1302","1":"product","2":"type-product","3":"status-publish","4":"has-post-thumbnail","6":"product_cat-motor","7":"product_tag-caixa-de-marcha","8":"product_tag-cambio","9":"product_tag-jg-de-juntas-caixa-marcha","10":"product_tag-juntas","11":"product_tag-motor","13":"first","14":"instock","15":"shipping-taxable","16":"product-type-simple"},"_links":{"self":[{"href":"https:\/\/joaopauloautopecas.com.br\/index.php?rest_route=\/wp\/v2\/product\/1302","targetHints":{"allow":["GET"]}}],"collection":[{"href":"https:\/\/joaopauloautopecas.com.br\/index.php?rest_route=\/wp\/v2\/product"}],"about":[{"href":"https:\/\/joaopauloautopecas.com.br\/index.php?rest_route=\/wp\/v2\/types\/product"}],"replies":[{"embeddable":true,"href":"https:\/\/joaopauloautopecas.com.br\/index.php?rest_route=%2Fwp%2Fv2%2Fcomments&post=1302"}],"wp:featuredmedia":[{"embeddable":true,"href":"https:\/\/joaopauloautopecas.com.br\/index.php?rest_route=\/wp\/v2\/media\/1303"}],"wp:attachment":[{"href":"https:\/\/joaopauloautopecas.com.br\/index.php?rest_route=%2Fwp%2Fv2%2Fmedia&parent=1302"}],"wp:term":[{"taxonomy":"product_cat","embeddable":true,"href":"https:\/\/joaopauloautopecas.com.br\/index.php?rest_route=%2Fwp%2Fv2%2Fproduct_cat&post=1302"},{"taxonomy":"product_tag","embeddable":true,"href":"https:\/\/joaopauloautopecas.com.br\/index.php?rest_route=%2Fwp%2Fv2%2Fproduct_tag&post=1302"}],"curies":[{"name":"wp","href":"https:\/\/api.w.org\/{rel}","templated":true}]}}