{"id":1068,"date":"2018-07-16T09:10:30","date_gmt":"2018-07-16T12:10:30","guid":{"rendered":"https:\/\/joaopauloautopecas.com.br\/?post_type=product&#038;p=1068"},"modified":"2020-04-07T08:45:19","modified_gmt":"2020-04-07T11:45:19","slug":"terminal-de-direcao-fiat-uno-1984-a-1985-nakata-n-6010-unitario","status":"publish","type":"product","link":"https:\/\/joaopauloautopecas.com.br\/?product=terminal-de-direcao-fiat-uno-1984-a-1985-nakata-n-6010-unitario","title":{"rendered":"Terminal de Dire\u00e7\u00e3o Fiat Uno 1984 a 1985 &#8211; Nakata &#8211; N 6010 &#8211; Unit\u00e1rio"},"content":{"rendered":"<p>Terminal de Dire\u00e7\u00e3o Fiat Uno 1984 a 1985 &#8211; Nakata &#8211; N 6010 &#8211; Unit\u00e1rio<\/p>\n<div class=\"sku-description\">\n<h2 id=\"anchor-product-detail\" class=\"sku-detail-title\">Descri\u00e7\u00e3o do Produto<\/h2>\n<div class=\"wysiwyg-content\">Terminal de Dire\u00e7\u00e3o<\/div>\n<\/div>\n<div class=\"sku-specs\">\n<div class=\"manufacturer-specs\">\n<h2 class=\"sku-detail-title\">Especifica\u00e7\u00f5es do Fabricante<\/h2>\n<p>Marca: Nakata<\/p>\n<p>C\u00f3digo da Pe\u00e7a: N 6010<\/p>\n<p>NCM: 87089990<\/p>\n<p>Garantia: 12 Meses<\/p>\n<p>Lado: Direito ou Esquerdo<\/p>\n<p>Linha: Leve<\/p>\n<p>Posi\u00e7\u00e3o: Dianteira<\/p>\n<div class=\"sku-bar-code\">\n<p class=\"bar-code-label\">C\u00f3digo de barras:<br \/>\n<span class=\"bar-code\">7897499915365<\/span><\/p>\n<h3 class=\"application_make make\">FIAT<\/h3>\n<ul class=\"applications_list fiat\">\n<li><b>PR\u00caMIO 1980<\/b>\u00a0Compat\u00edvel com todas as vers\u00f5es<\/li>\n<li><b>PR\u00caMIO 1981<\/b>\u00a0Compat\u00edvel com todas as vers\u00f5es<\/li>\n<li><b>PR\u00caMIO 1982<\/b>\u00a0Compat\u00edvel com todas as vers\u00f5es<\/li>\n<li><b>PR\u00caMIO 1983<\/b>\u00a0Compat\u00edvel com todas as vers\u00f5es<\/li>\n<li><b>PR\u00caMIO 1984<\/b>\u00a0Compat\u00edvel com todas as vers\u00f5es<\/li>\n<li><b>PR\u00caMIO 1985<\/b>\u00a0Compat\u00edvel com todas as vers\u00f5es<\/li>\n<li><b>UNO 1984<\/b>\u00a0Compat\u00edvel com todas as vers\u00f5es<\/li>\n<li><b>UNO 1985<\/b>\u00a0Compat\u00edvel com todas as vers\u00f5es<\/li>\n<\/ul>\n<\/div>\n<\/div>\n<\/div>\n","protected":false},"excerpt":{"rendered":"<p>Terminal de Dire\u00e7\u00e3o Fiat Uno 1984 a 1985 &#8211; Nakata &#8211; N 6010 &#8211; Unit\u00e1rio Descri\u00e7\u00e3o do Produto Terminal de Dire\u00e7\u00e3o Especifica\u00e7\u00f5es do Fabricante Marca: Nakata C\u00f3digo da Pe\u00e7a: N 6010 NCM: 87089990 Garantia: 12 Meses Lado: Direito ou Esquerdo Linha: Leve Posi\u00e7\u00e3o: Dianteira C\u00f3digo de barras: 7897499915365 FIAT PR\u00caMIO 1980\u00a0Compat\u00edvel com todas as vers\u00f5es &hellip;<\/p>\n<p class=\"read-more\"> <a class=\"\" href=\"https:\/\/joaopauloautopecas.com.br\/?product=terminal-de-direcao-fiat-uno-1984-a-1985-nakata-n-6010-unitario\"> <span class=\"screen-reader-text\">Terminal de Dire\u00e7\u00e3o Fiat Uno 1984 a 1985 &#8211; Nakata &#8211; N 6010 &#8211; Unit\u00e1rio<\/span> Leia mais &raquo;<\/a><\/p>\n","protected":false},"featured_media":1070,"comment_status":"open","ping_status":"closed","template":"","meta":{"site-sidebar-layout":"default","site-content-layout":"default","ast-main-header-display":"","ast-hfb-above-header-display":"","ast-hfb-below-header-display":"","ast-hfb-mobile-header-display":"","site-post-title":"","ast-breadcrumbs-content":"","ast-featured-img":"","footer-sml-layout":"","theme-transparent-header-meta":"","adv-header-id-meta":"","stick-header-meta":"","header-above-stick-meta":"","header-main-stick-meta":"","header-below-stick-meta":""},"product_cat":[73],"product_tag":[90,74,95,93,70,113,91],"class_list":{"0":"post-1068","1":"product","2":"type-product","3":"status-publish","4":"has-post-thumbnail","6":"product_cat-direcao","7":"product_tag-articulacao","8":"product_tag-direcao","9":"product_tag-ponta-de-eixo","10":"product_tag-roda","11":"product_tag-suspensao","12":"product_tag-terminal-barra-tensora","13":"product_tag-terminal-direcao","15":"first","16":"instock","17":"shipping-taxable","18":"product-type-simple"},"_links":{"self":[{"href":"https:\/\/joaopauloautopecas.com.br\/index.php?rest_route=\/wp\/v2\/product\/1068","targetHints":{"allow":["GET"]}}],"collection":[{"href":"https:\/\/joaopauloautopecas.com.br\/index.php?rest_route=\/wp\/v2\/product"}],"about":[{"href":"https:\/\/joaopauloautopecas.com.br\/index.php?rest_route=\/wp\/v2\/types\/product"}],"replies":[{"embeddable":true,"href":"https:\/\/joaopauloautopecas.com.br\/index.php?rest_route=%2Fwp%2Fv2%2Fcomments&post=1068"}],"wp:featuredmedia":[{"embeddable":true,"href":"https:\/\/joaopauloautopecas.com.br\/index.php?rest_route=\/wp\/v2\/media\/1070"}],"wp:attachment":[{"href":"https:\/\/joaopauloautopecas.com.br\/index.php?rest_route=%2Fwp%2Fv2%2Fmedia&parent=1068"}],"wp:term":[{"taxonomy":"product_cat","embeddable":true,"href":"https:\/\/joaopauloautopecas.com.br\/index.php?rest_route=%2Fwp%2Fv2%2Fproduct_cat&post=1068"},{"taxonomy":"product_tag","embeddable":true,"href":"https:\/\/joaopauloautopecas.com.br\/index.php?rest_route=%2Fwp%2Fv2%2Fproduct_tag&post=1068"}],"curies":[{"name":"wp","href":"https:\/\/api.w.org\/{rel}","templated":true}]}}